{"id":6984,"date":"2025-11-11T08:51:17","date_gmt":"2025-11-11T07:51:17","guid":{"rendered":"https:\/\/anchorlas.se\/?post_type=product&#038;p=6984"},"modified":"2026-02-24T09:59:57","modified_gmt":"2026-02-24T08:59:57","slug":"anchor-848-4-b27-ip68-xl","status":"publish","type":"product","link":"https:\/\/anchorlas.se\/en\/produkter\/anchor-848-4-b27-ip68-xl\/","title":{"rendered":"ANCHOR 848-4 S27 IP68 XL"},"content":{"rendered":"<p>A strong class 4 padlock for oval cylinder where the cylinder is protected<br \/>\naccording to the IP68 standard. Suitable for locking in tougher environments, e.g.<br \/>\ncontainers, warehouses, gates and the like. The padlock is designed for<br \/>\nfor mounting a Scandinavian oval cylinder and is supplied with O-rings in<br \/>\nthe shackle holes and with a tight, fold-out cover over the cylinder.<br \/>\nHermetically sealed. The rubber seal is supplied in black<br \/>\nas standard, but is available in several different colors to simplify marking<br \/>\nof e.g. area, belonging. The IP68 XL padlock is 10mm longer in the<br \/>\nlock body and is adapted for the longer electronic cylinders<br \/>\non the market, e.g. iLOQ. Patented product<\/p>","protected":false},"excerpt":{"rendered":"<p>Ett kraftigt klass 4 h\u00e4ngl\u00e5s f\u00f6r oval cylinder d\u00e4r cylindern \u00e4r skyddad enligt IP68-standarden. L\u00e4mplig f\u00f6r l\u00e5sning i tuffare milj\u00f6er, t.ex. containrar, lager, grindar och liknande. H\u00e4ngl\u00e5set \u00e4r konstruerat f\u00f6r montering av skandinavisk ovalcylinder och levereras med O-ringar i bygelh\u00e5len och med en t\u00e4t, utf\u00e4llbar lucka \u00f6ver cylindern. Hermetiskt f\u00f6rsluten. Gummit\u00e4tningen levereras i svart som [&hellip;]<\/p>\n","protected":false},"featured_media":6985,"template":"","meta":{"_acf_changed":false},"product_brand":[],"product_cat":[50,310,51,330],"product_tag":[],"class_list":{"0":"post-6984","1":"product","2":"type-product","3":"status-publish","4":"has-post-thumbnail","6":"product_cat-hanglas","7":"product_cat-extra-lang-xl","8":"product_cat-klass-4","9":"product_cat-vaderskyddad-ip68-hanglas","10":"pa_bygel-hardat-stal","11":"pa_bygelbredd-mm-292","12":"pa_bygeldiameter-mm-207","13":"pa_bygelhojd-277","14":"pa_cylindertyp-oval","15":"pa_hanglaskropp-hardat-stal","16":"pa_kistbredd-mm-210","17":"pa_klassning-ssf-klass-4-cen-grade-5","19":"first","20":"instock","21":"shipping-taxable","22":"purchasable","23":"product-type-simple"},"acf":[],"_links":{"self":[{"href":"https:\/\/anchorlas.se\/en\/wp-json\/wp\/v2\/product\/6984","targetHints":{"allow":["GET"]}}],"collection":[{"href":"https:\/\/anchorlas.se\/en\/wp-json\/wp\/v2\/product"}],"about":[{"href":"https:\/\/anchorlas.se\/en\/wp-json\/wp\/v2\/types\/product"}],"wp:featuredmedia":[{"embeddable":true,"href":"https:\/\/anchorlas.se\/en\/wp-json\/wp\/v2\/media\/6985"}],"wp:attachment":[{"href":"https:\/\/anchorlas.se\/en\/wp-json\/wp\/v2\/media?parent=6984"}],"wp:term":[{"taxonomy":"product_brand","embeddable":true,"href":"https:\/\/anchorlas.se\/en\/wp-json\/wp\/v2\/product_brand?post=6984"},{"taxonomy":"product_cat","embeddable":true,"href":"https:\/\/anchorlas.se\/en\/wp-json\/wp\/v2\/product_cat?post=6984"},{"taxonomy":"product_tag","embeddable":true,"href":"https:\/\/anchorlas.se\/en\/wp-json\/wp\/v2\/product_tag?post=6984"}],"curies":[{"name":"wp","href":"https:\/\/api.w.org\/{rel}","templated":true}]}}