{"id":6725,"date":"2025-01-21T13:38:39","date_gmt":"2025-01-21T12:38:39","guid":{"rendered":"https:\/\/anchorlas.se\/?post_type=product&#038;p=6725"},"modified":"2026-02-16T15:13:10","modified_gmt":"2026-02-16T14:13:10","slug":"plastkapa-510-1","status":"publish","type":"product","link":"https:\/\/anchorlas.se\/en\/produkter\/plastkapa-510-1\/","title":{"rendered":"Cover 510-1"},"content":{"rendered":"<p>Protective cover for oval cylinders of standard length.\nInstalled together with the cylinder on the ANCHOR 510-1, it functions as impact protection, colour coding, and lockout marking, among other uses.<\/p>\n<p>&nbsp;<\/p>","protected":false},"excerpt":{"rendered":"<p>Skyddsk\u00e5pa f\u00f6r ovalcylindrar med standard l\u00e4ngd. Monteras i samband med cylinder och verkar som slagskydd, f\u00e4rgkodning, lockout-markering etc.<\/p>","protected":false},"featured_media":6790,"template":"","meta":{"_acf_changed":false},"product_brand":[],"product_cat":[93],"product_tag":[],"class_list":{"0":"post-6725","1":"product","2":"type-product","3":"status-publish","4":"has-post-thumbnail","6":"product_cat-tillbehor","8":"first","9":"instock","10":"shipping-taxable","11":"purchasable","12":"product-type-variable"},"acf":[],"_links":{"self":[{"href":"https:\/\/anchorlas.se\/en\/wp-json\/wp\/v2\/product\/6725","targetHints":{"allow":["GET"]}}],"collection":[{"href":"https:\/\/anchorlas.se\/en\/wp-json\/wp\/v2\/product"}],"about":[{"href":"https:\/\/anchorlas.se\/en\/wp-json\/wp\/v2\/types\/product"}],"wp:featuredmedia":[{"embeddable":true,"href":"https:\/\/anchorlas.se\/en\/wp-json\/wp\/v2\/media\/6790"}],"wp:attachment":[{"href":"https:\/\/anchorlas.se\/en\/wp-json\/wp\/v2\/media?parent=6725"}],"wp:term":[{"taxonomy":"product_brand","embeddable":true,"href":"https:\/\/anchorlas.se\/en\/wp-json\/wp\/v2\/product_brand?post=6725"},{"taxonomy":"product_cat","embeddable":true,"href":"https:\/\/anchorlas.se\/en\/wp-json\/wp\/v2\/product_cat?post=6725"},{"taxonomy":"product_tag","embeddable":true,"href":"https:\/\/anchorlas.se\/en\/wp-json\/wp\/v2\/product_tag?post=6725"}],"curies":[{"name":"wp","href":"https:\/\/api.w.org\/{rel}","templated":true}]}}