{"id":6586,"date":"2024-12-09T16:46:23","date_gmt":"2024-12-09T15:46:23","guid":{"rendered":"https:\/\/anchorlas.se\/?post_type=product&#038;p=6586"},"modified":"2026-02-16T15:13:10","modified_gmt":"2026-02-16T14:13:10","slug":"anchor-cylinderskydd-ip68-rund","status":"publish","type":"product","link":"https:\/\/anchorlas.se\/en\/produkter\/anchor-cylinderskydd-ip68-rund\/","title":{"rendered":"ANCHOR CYLINDER COVER IP68 ROUND"},"content":{"rendered":"<p>Cylinder cover IP68 Round is a solid climate protection for round cylinder. Effectively protects against road salt, dust, moisture and freezing in challenging environments.The inner part is mounted onto the cylinder, after which the cylinder ring is screwed on, tightened against the door, and applies slight tension to the inner part. The weather protection is delivered with a black rubber seal as standard. Yellow, blue, red and green seals are available on request.<\/p>","protected":false},"excerpt":{"rendered":"<p>Cylinderskydd IP68 \u00e4r ett gediget klimatskydd f\u00f6r runda cylindrar sittandes i utmanande milj\u00f6er. Skyddar effektivt mot v\u00e4gsalt, damm, fukt och frysning. Innerdelen monteras fast p\u00e5 cylindern varvid sj\u00e4lva cylinderringen g\u00e4ngas fast, dras t\u00e4t mot d\u00f6rrblad och s\u00e4tter innerdelen n\u00e5got i sp\u00e4nn. V\u00e4derskyddet levereras med svart gummit\u00e4tning som standard. Gul, bl\u00e5, r\u00f6d och gr\u00f6n t\u00e4tning finns [&hellip;]<\/p>\n","protected":false},"featured_media":6588,"template":"","meta":{"_acf_changed":false},"product_brand":[],"product_cat":[93,107,330],"product_tag":[],"class_list":{"0":"post-6586","1":"product","2":"type-product","3":"status-publish","4":"has-post-thumbnail","6":"product_cat-tillbehor","7":"product_cat-vaderskydd","8":"product_cat-vaderskyddad-ip68-hanglas","9":"pa_cylindertyp-rund","10":"pa_klassning-ip68","11":"pa_material-massing","12":"pa_material-rostfritt-stal","13":"pa_material-silicon","15":"first","16":"instock","17":"shipping-taxable","18":"purchasable","19":"product-type-variable"},"acf":[],"_links":{"self":[{"href":"https:\/\/anchorlas.se\/en\/wp-json\/wp\/v2\/product\/6586","targetHints":{"allow":["GET"]}}],"collection":[{"href":"https:\/\/anchorlas.se\/en\/wp-json\/wp\/v2\/product"}],"about":[{"href":"https:\/\/anchorlas.se\/en\/wp-json\/wp\/v2\/types\/product"}],"wp:featuredmedia":[{"embeddable":true,"href":"https:\/\/anchorlas.se\/en\/wp-json\/wp\/v2\/media\/6588"}],"wp:attachment":[{"href":"https:\/\/anchorlas.se\/en\/wp-json\/wp\/v2\/media?parent=6586"}],"wp:term":[{"taxonomy":"product_brand","embeddable":true,"href":"https:\/\/anchorlas.se\/en\/wp-json\/wp\/v2\/product_brand?post=6586"},{"taxonomy":"product_cat","embeddable":true,"href":"https:\/\/anchorlas.se\/en\/wp-json\/wp\/v2\/product_cat?post=6586"},{"taxonomy":"product_tag","embeddable":true,"href":"https:\/\/anchorlas.se\/en\/wp-json\/wp\/v2\/product_tag?post=6586"}],"curies":[{"name":"wp","href":"https:\/\/api.w.org\/{rel}","templated":true}]}}