{"id":6580,"date":"2024-12-09T16:40:37","date_gmt":"2024-12-09T15:40:37","guid":{"rendered":"https:\/\/anchorlas.se\/?post_type=product&#038;p=6580"},"modified":"2026-02-16T15:13:10","modified_gmt":"2026-02-16T14:13:10","slug":"anchor-cylinderskydd-ip68-oval-xl","status":"publish","type":"product","link":"https:\/\/anchorlas.se\/en\/produkter\/anchor-cylinderskydd-ip68-oval-xl\/","title":{"rendered":"ANCHOR CYLINDER COVER IP68 OVAL XL"},"content":{"rendered":"<p>Cylinder cover IP68 XL is a solid climate protection for iLOQ's cylinder and those cases where the oval cylinder has a longer protrusion. Effectively protects against road salt, dust, moisture and freezing in challenging environments. The protection is easily mounted as a cylinder ring and has a flexible dimension thanks to the included spacer rings. The weather protection is delivered with a black rubber seal as standard. Yellow, blue, red and green seals are available on request.<\/p>","protected":false},"excerpt":{"rendered":"<p>Cylinderskydd IP68 XL \u00e4r ett gediget klimatskydd f\u00f6r iLOQs cylinder och de fall ovalcylindern har ett l\u00e4ngre utstick. Skyddar effektivt mot v\u00e4gsalt, damm, fukt och frysning i utmanande milj\u00f6er. Skyddet monteras enkelt som en cylinderring och har ett flexibelt m\u00e5tt tack vare de medf\u00f6ljande distans ringarna. V\u00e4derskyddet levereras med svart gummit\u00e4tning som standard. Gul, bl\u00e5, [&hellip;]<\/p>\n","protected":false},"featured_media":6582,"template":"","meta":{"_acf_changed":false},"product_brand":[],"product_cat":[310,93,107,330],"product_tag":[],"class_list":{"0":"post-6580","1":"product","2":"type-product","3":"status-publish","4":"has-post-thumbnail","6":"product_cat-extra-lang-xl","7":"product_cat-tillbehor","8":"product_cat-vaderskydd","9":"product_cat-vaderskyddad-ip68-hanglas","10":"pa_cylindertyp-oval","11":"pa_cylindertyp-xl","12":"pa_klassning-ip68","13":"pa_material-massing","14":"pa_material-rostfritt-stal","15":"pa_material-silicon","17":"first","18":"instock","19":"shipping-taxable","20":"purchasable","21":"product-type-variable"},"acf":[],"_links":{"self":[{"href":"https:\/\/anchorlas.se\/en\/wp-json\/wp\/v2\/product\/6580","targetHints":{"allow":["GET"]}}],"collection":[{"href":"https:\/\/anchorlas.se\/en\/wp-json\/wp\/v2\/product"}],"about":[{"href":"https:\/\/anchorlas.se\/en\/wp-json\/wp\/v2\/types\/product"}],"wp:featuredmedia":[{"embeddable":true,"href":"https:\/\/anchorlas.se\/en\/wp-json\/wp\/v2\/media\/6582"}],"wp:attachment":[{"href":"https:\/\/anchorlas.se\/en\/wp-json\/wp\/v2\/media?parent=6580"}],"wp:term":[{"taxonomy":"product_brand","embeddable":true,"href":"https:\/\/anchorlas.se\/en\/wp-json\/wp\/v2\/product_brand?post=6580"},{"taxonomy":"product_cat","embeddable":true,"href":"https:\/\/anchorlas.se\/en\/wp-json\/wp\/v2\/product_cat?post=6580"},{"taxonomy":"product_tag","embeddable":true,"href":"https:\/\/anchorlas.se\/en\/wp-json\/wp\/v2\/product_tag?post=6580"}],"curies":[{"name":"wp","href":"https:\/\/api.w.org\/{rel}","templated":true}]}}