{"id":6572,"date":"2024-12-09T16:33:51","date_gmt":"2024-12-09T15:33:51","guid":{"rendered":"https:\/\/anchorlas.se\/?post_type=product&#038;p=6572"},"modified":"2026-02-16T15:13:10","modified_gmt":"2026-02-16T14:13:10","slug":"anchor-cylinderskydd-ip68-oval","status":"publish","type":"product","link":"https:\/\/anchorlas.se\/en\/produkter\/anchor-cylinderskydd-ip68-oval\/","title":{"rendered":"ANCHOR CYLINDER COVER IP68 OVAL"},"content":{"rendered":"<p>Cylinder protection IP68 is a solid climate protection for oval cylinders. Effectively protects against road salt, dust, moisture and freezing in challenging environments.<\/p>\n<p>The protection is easily mounted as a cylinder ring and has a flexible dimension thanks to the included spacer rings.<\/p>\n<p>The weather protection is supplied with a black rubber seal as standard. Yellow, blue, red and green seals are available on request.<\/p>","protected":false},"excerpt":{"rendered":"<p>Cylinderskydd IP68 \u00e4r ett gediget klimatskydd f\u00f6r ovalcylinder. Skyddar effektivt mot v\u00e4gsalt, damm, fukt och frysning i utmanande milj\u00f6er. Skyddet monteras enkelt som en cylinderring och har ett flexibelt m\u00e5tt tack vare de medf\u00f6ljande distans ringarna. V\u00e4derskyddet levereras med svart gummit\u00e4tning som standard. Gul, bl\u00e5, r\u00f6d och gr\u00f6n t\u00e4tning finns p\u00e5 f\u00f6rfr\u00e5gan.<\/p>","protected":false},"featured_media":6578,"template":"","meta":{"_acf_changed":false},"product_brand":[],"product_cat":[93,107,330],"product_tag":[],"class_list":{"0":"post-6572","1":"product","2":"type-product","3":"status-publish","4":"has-post-thumbnail","6":"product_cat-tillbehor","7":"product_cat-vaderskydd","8":"product_cat-vaderskyddad-ip68-hanglas","9":"pa_cylindertyp-oval","10":"pa_klassning-ip68","11":"pa_material-massing","12":"pa_material-rostfritt-stal","13":"pa_material-silicon","15":"first","16":"instock","17":"featured","18":"shipping-taxable","19":"purchasable","20":"product-type-variable"},"acf":[],"_links":{"self":[{"href":"https:\/\/anchorlas.se\/en\/wp-json\/wp\/v2\/product\/6572","targetHints":{"allow":["GET"]}}],"collection":[{"href":"https:\/\/anchorlas.se\/en\/wp-json\/wp\/v2\/product"}],"about":[{"href":"https:\/\/anchorlas.se\/en\/wp-json\/wp\/v2\/types\/product"}],"wp:featuredmedia":[{"embeddable":true,"href":"https:\/\/anchorlas.se\/en\/wp-json\/wp\/v2\/media\/6578"}],"wp:attachment":[{"href":"https:\/\/anchorlas.se\/en\/wp-json\/wp\/v2\/media?parent=6572"}],"wp:term":[{"taxonomy":"product_brand","embeddable":true,"href":"https:\/\/anchorlas.se\/en\/wp-json\/wp\/v2\/product_brand?post=6572"},{"taxonomy":"product_cat","embeddable":true,"href":"https:\/\/anchorlas.se\/en\/wp-json\/wp\/v2\/product_cat?post=6572"},{"taxonomy":"product_tag","embeddable":true,"href":"https:\/\/anchorlas.se\/en\/wp-json\/wp\/v2\/product_tag?post=6572"}],"curies":[{"name":"wp","href":"https:\/\/api.w.org\/{rel}","templated":true}]}}