{"id":3298,"date":"2023-02-21T10:21:44","date_gmt":"2023-02-21T09:21:44","guid":{"rendered":"https:\/\/anchorlas.se\/?post_type=product&#038;p=3298"},"modified":"2026-02-16T15:13:09","modified_gmt":"2026-02-16T14:13:09","slug":"530-3-blocklas","status":"publish","type":"product","link":"https:\/\/anchorlas.se\/en\/produkter\/530-3-blocklas\/","title":{"rendered":"ANCHOR 530-3 Block Lock"},"content":{"rendered":"<p>Block Lock in the smaller format. Designed for mounting Scandinavian oval cylinder. Suitable for locking doors, compact fittings or chain. The end knob of the shackle is designed to break in the event of an attack to further increase safety. The key can be removed in the unlocked position. As an alternative, the padlock is available in the Utility version, which is designed to optimize the price-performance ratio rather than finish.<\/p>","protected":false},"excerpt":{"rendered":"<p>Blockl\u00e5s i det mindre formatet. Anpassat f\u00f6r montering av skandinavisk ovalcylinder. L\u00e4mplig f\u00f6r l\u00e5sning av luckor, kompakta beslag eller k\u00e4tting. \u00c4ndknoppen p\u00e5 bygeln \u00e4r konstruerad s\u00e5 att den bryts vid angrepp f\u00f6r att \u00f6ka s\u00e4kerheten ytterligare. Nyckeln kan tas ut i uppl\u00e5st l\u00e4ge. Som alternativ finns h\u00e4ngl\u00e5set i Utility utf\u00f6rande vilket \u00e4r framtaget f\u00f6r att [&hellip;]<\/p>\n","protected":false},"featured_media":3304,"template":"","meta":{"_acf_changed":false},"product_brand":[],"product_cat":[274,50],"product_tag":[],"class_list":{"0":"post-3298","1":"product","2":"type-product","3":"status-publish","4":"has-post-thumbnail","6":"product_cat-oklassat","7":"product_cat-hanglas","8":"pa_bygel-hardat-stal","9":"pa_bygelbredd-mm-335","10":"pa_bygeldiameter-mm-332","11":"pa_bygelhojd-11-5","12":"pa_cylindertyp-oval","13":"pa_hanglaskropp-hardat-stal","14":"pa_kistbredd-mm-221","15":"pa_klassning-oklassat","17":"first","18":"instock","19":"shipping-taxable","20":"purchasable","21":"product-type-variable"},"acf":[],"_links":{"self":[{"href":"https:\/\/anchorlas.se\/en\/wp-json\/wp\/v2\/product\/3298","targetHints":{"allow":["GET"]}}],"collection":[{"href":"https:\/\/anchorlas.se\/en\/wp-json\/wp\/v2\/product"}],"about":[{"href":"https:\/\/anchorlas.se\/en\/wp-json\/wp\/v2\/types\/product"}],"wp:featuredmedia":[{"embeddable":true,"href":"https:\/\/anchorlas.se\/en\/wp-json\/wp\/v2\/media\/3304"}],"wp:attachment":[{"href":"https:\/\/anchorlas.se\/en\/wp-json\/wp\/v2\/media?parent=3298"}],"wp:term":[{"taxonomy":"product_brand","embeddable":true,"href":"https:\/\/anchorlas.se\/en\/wp-json\/wp\/v2\/product_brand?post=3298"},{"taxonomy":"product_cat","embeddable":true,"href":"https:\/\/anchorlas.se\/en\/wp-json\/wp\/v2\/product_cat?post=3298"},{"taxonomy":"product_tag","embeddable":true,"href":"https:\/\/anchorlas.se\/en\/wp-json\/wp\/v2\/product_tag?post=3298"}],"curies":[{"name":"wp","href":"https:\/\/api.w.org\/{rel}","templated":true}]}}