{"id":3186,"date":"2022-11-29T16:35:49","date_gmt":"2022-11-29T15:35:49","guid":{"rendered":"https:\/\/anchorlas.se\/?post_type=product&#038;p=3186"},"modified":"2026-02-17T15:03:02","modified_gmt":"2026-02-17T14:03:02","slug":"anchor-848-4-b50-ip68","status":"publish","type":"product","link":"https:\/\/anchorlas.se\/en\/produkter\/anchor-848-4-b50-ip68\/","title":{"rendered":"ANCHOR 848-4 S50 IP68"},"content":{"rendered":"<p class=\" translation-block\">A strong CEN Grade 5 padlock for oval cylinder where the cylinder is protected\naccording to the IP68 standard. Suitable for locking in tougher environments, e.g.\ncontainers, warehouses, gates and the like. The padlock is designed for\nassembly of Scandinavian oval cylinder and supplied with O-rings\nin the shackle holes and with a tight, fold-out cover over the cylinder.\nHermetically sealed. The rubber seal is supplied in black as\nstandard, but available in several different colors to simplify marking\nof e.g. area, affiliation. Patented product.<\/p>","protected":false},"excerpt":{"rendered":"<p>Ett kraftigt klass 4 h\u00e4ngl\u00e5s f\u00f6r oval cylinder d\u00e4r cylindern \u00e4r skyddad enligt IP68-standarden. L\u00e4mplig f\u00f6r l\u00e5sning i tuffare milj\u00f6er, t.ex. containrar, lager, grindar och liknande. H\u00e4ngl\u00e5set \u00e4r konstruerat f\u00f6r montering av skandinavisk ovalcylinder och levereras med O-ringar i bygelh\u00e5len och med en t\u00e4t, utf\u00e4llbar lucka \u00f6ver cylindern. Hermetiskt f\u00f6rsluten. Gummit\u00e4tningen levereras i svart som [&hellip;]<\/p>\n","protected":false},"featured_media":3155,"template":"","meta":{"_acf_changed":false},"product_brand":[],"product_cat":[50,51,330],"product_tag":[],"class_list":{"0":"post-3186","1":"product","2":"type-product","3":"status-publish","4":"has-post-thumbnail","6":"product_cat-hanglas","7":"product_cat-klass-4","8":"product_cat-vaderskyddad-ip68-hanglas","9":"pa_bygel-hardat-stal","10":"pa_bygelbredd-mm-292","11":"pa_bygeldiameter-mm-207","12":"pa_bygelhojd-278","13":"pa_cylindertyp-oval","14":"pa_hanglaskropp-hardat-stal","15":"pa_kistbredd-mm-210","16":"pa_klassning-ssf-klass-4-cen-grade-5","18":"first","19":"instock","20":"shipping-taxable","21":"purchasable","22":"product-type-variable"},"acf":[],"_links":{"self":[{"href":"https:\/\/anchorlas.se\/en\/wp-json\/wp\/v2\/product\/3186","targetHints":{"allow":["GET"]}}],"collection":[{"href":"https:\/\/anchorlas.se\/en\/wp-json\/wp\/v2\/product"}],"about":[{"href":"https:\/\/anchorlas.se\/en\/wp-json\/wp\/v2\/types\/product"}],"wp:featuredmedia":[{"embeddable":true,"href":"https:\/\/anchorlas.se\/en\/wp-json\/wp\/v2\/media\/3155"}],"wp:attachment":[{"href":"https:\/\/anchorlas.se\/en\/wp-json\/wp\/v2\/media?parent=3186"}],"wp:term":[{"taxonomy":"product_brand","embeddable":true,"href":"https:\/\/anchorlas.se\/en\/wp-json\/wp\/v2\/product_brand?post=3186"},{"taxonomy":"product_cat","embeddable":true,"href":"https:\/\/anchorlas.se\/en\/wp-json\/wp\/v2\/product_cat?post=3186"},{"taxonomy":"product_tag","embeddable":true,"href":"https:\/\/anchorlas.se\/en\/wp-json\/wp\/v2\/product_tag?post=3186"}],"curies":[{"name":"wp","href":"https:\/\/api.w.org\/{rel}","templated":true}]}}