{"id":3183,"date":"2022-11-29T15:12:43","date_gmt":"2022-11-29T14:12:43","guid":{"rendered":"https:\/\/anchorlas.se\/?post_type=product&#038;p=3183"},"modified":"2026-02-17T15:05:15","modified_gmt":"2026-02-17T14:05:15","slug":"anchor-830-3-b28-ip68","status":"publish","type":"product","link":"https:\/\/anchorlas.se\/en\/produkter\/anchor-830-3-b28-ip68\/","title":{"rendered":"ANCHOR 830-3 S28 IP68"},"content":{"rendered":"<p class=\" translation-block\">A Grade 4 padlock for oval cylinders where the cylinder is protected\naccording to the IP68 standard. Suitable for locking in tougher\nenvironments, e.g. hatches, road barriers, gates or similar. The\npadlock is designed for mounting the standard Scandinavian oval\ncylinder and is supplied with O-rings in the shackle holes and with a\ntight, fold-out flap over the cylinder. Hermetically sealed. The rubber\nsealing is delivered in black as standard, but is available in several\ndifferent colors to simplify the marking of e.g. area, belonging etc.\nPadlock 830-3 IP68 XL is 10 mm longer in the lock body and is ready\nfor the longer electronic cylinders on the market, e.g. iLOQ.\nPatented product.<\/p>","protected":false},"excerpt":{"rendered":"<p>Ett klass 3 h\u00e4ngl\u00e5s f\u00f6r oval cylinder d\u00e4r cylindern \u00e4r skyddad enligt IP68-standarden. L\u00e4mplig f\u00f6r l\u00e5sning i tuffare milj\u00f6er, t.ex. luckor, v\u00e4gbommar, grindar eller liknande. H\u00e4ngl\u00e5set \u00e4r konstruerat f\u00f6r montering av skandinavisk ovalcylinder och levereras med O-ringar i bygelh\u00e5len och med en t\u00e4t, utf\u00e4llbar lucka \u00f6ver cylindern. Hermetiskt f\u00f6rsluten. Gummit\u00e4tningen levereras i svart som standard, [&hellip;]<\/p>\n","protected":false},"featured_media":3146,"template":"","meta":{"_acf_changed":false},"product_brand":[],"product_cat":[50,55,330],"product_tag":[],"class_list":{"0":"post-3183","1":"product","2":"type-product","3":"status-publish","4":"has-post-thumbnail","6":"product_cat-hanglas","7":"product_cat-klass-3","8":"product_cat-vaderskyddad-ip68-hanglas","9":"pa_bygel-hardat-stal","10":"pa_bygelbredd-mm-281","11":"pa_bygeldiameter-mm-219","12":"pa_bygelhojd-280","13":"pa_cylindertyp-oval","14":"pa_hanglaskropp-hardat-stal","15":"pa_kistbredd-mm-221","16":"pa_klassning-ssf-klass-3-cen-grade-4","18":"first","19":"instock","20":"shipping-taxable","21":"purchasable","22":"product-type-variable"},"acf":[],"_links":{"self":[{"href":"https:\/\/anchorlas.se\/en\/wp-json\/wp\/v2\/product\/3183","targetHints":{"allow":["GET"]}}],"collection":[{"href":"https:\/\/anchorlas.se\/en\/wp-json\/wp\/v2\/product"}],"about":[{"href":"https:\/\/anchorlas.se\/en\/wp-json\/wp\/v2\/types\/product"}],"wp:featuredmedia":[{"embeddable":true,"href":"https:\/\/anchorlas.se\/en\/wp-json\/wp\/v2\/media\/3146"}],"wp:attachment":[{"href":"https:\/\/anchorlas.se\/en\/wp-json\/wp\/v2\/media?parent=3183"}],"wp:term":[{"taxonomy":"product_brand","embeddable":true,"href":"https:\/\/anchorlas.se\/en\/wp-json\/wp\/v2\/product_brand?post=3183"},{"taxonomy":"product_cat","embeddable":true,"href":"https:\/\/anchorlas.se\/en\/wp-json\/wp\/v2\/product_cat?post=3183"},{"taxonomy":"product_tag","embeddable":true,"href":"https:\/\/anchorlas.se\/en\/wp-json\/wp\/v2\/product_tag?post=3183"}],"curies":[{"name":"wp","href":"https:\/\/api.w.org\/{rel}","templated":true}]}}