{"id":3182,"date":"2022-11-29T16:30:08","date_gmt":"2022-11-29T15:30:08","guid":{"rendered":"https:\/\/anchorlas.se\/?post_type=product&#038;p=3182"},"modified":"2026-02-17T15:04:06","modified_gmt":"2026-02-17T14:04:06","slug":"anchor-802-2-b60-ip68","status":"publish","type":"product","link":"https:\/\/anchorlas.se\/en\/produkter\/anchor-802-2-b60-ip68\/","title":{"rendered":"ANCHOR 802-2 S60 IP68"},"content":{"rendered":"<p class=\" translation-block\">A Grade 3 padlock for oval cylinders where the cylinder is protected\naccording to the IP68 standard. Suitable for locking in tougher\nenvironments, e.g. hatches, storehouse and basements. The padlock\nis designed for mounting the standard Scandinavian oval cylinder\nand is supplied with O-rings in the shackle holes and with a tight,\nfold-out flap over the cylinder. Hermetically sealed. The rubber\nsealing is delivered in black as standard, but is available in several\ndifferent colors to simplify the marking of e.g. area, belonging etc.\nPadlock 802-2 IP68 XL is 10 mm longer in the lock body and is ready\nfor the longer electronic cylinders on the market, e.g. iLOQ\nPatented product.<\/p>","protected":false},"excerpt":{"rendered":"<p>Ett klass 2 h\u00e4ngl\u00e5s f\u00f6r oval cylinder d\u00e4r cylindern \u00e4r skyddad enligt IP68-standarden. L\u00e4mplig f\u00f6r l\u00e5sning i tuffare milj\u00f6er, t.ex. luckor, f\u00f6rr\u00e5d och k\u00e4llare. H\u00e4ngl\u00e5set \u00e4r konstruerat f\u00f6r montering av skandinavisk ovalcylinder och levereras med O-ringar i bygelh\u00e5len och med en t\u00e4t, utf\u00e4llbar lucka \u00f6ver cylindern. Hermetiskt f\u00f6rsluten. Gummit\u00e4tningen levereras i svart som standard, men [&hellip;]<\/p>\n","protected":false},"featured_media":3141,"template":"","meta":{"_acf_changed":false},"product_brand":[],"product_cat":[50,63,330],"product_tag":[],"class_list":{"0":"post-3182","1":"product","2":"type-product","3":"status-publish","4":"has-post-thumbnail","6":"product_cat-hanglas","7":"product_cat-klass-2","8":"product_cat-vaderskyddad-ip68-hanglas","9":"pa_bygel-rostfritt-stal","10":"pa_bygelbredd-mm-285","11":"pa_bygeldiameter-mm-224","12":"pa_bygelhojd-283","13":"pa_cylindertyp-oval","14":"pa_hanglaskropp-massing","15":"pa_kistbredd-mm-221","16":"pa_klassning-ssf-klass-2-cen-grade-3","18":"first","19":"instock","20":"featured","21":"shipping-taxable","22":"purchasable","23":"product-type-variable"},"acf":[],"_links":{"self":[{"href":"https:\/\/anchorlas.se\/en\/wp-json\/wp\/v2\/product\/3182","targetHints":{"allow":["GET"]}}],"collection":[{"href":"https:\/\/anchorlas.se\/en\/wp-json\/wp\/v2\/product"}],"about":[{"href":"https:\/\/anchorlas.se\/en\/wp-json\/wp\/v2\/types\/product"}],"wp:featuredmedia":[{"embeddable":true,"href":"https:\/\/anchorlas.se\/en\/wp-json\/wp\/v2\/media\/3141"}],"wp:attachment":[{"href":"https:\/\/anchorlas.se\/en\/wp-json\/wp\/v2\/media?parent=3182"}],"wp:term":[{"taxonomy":"product_brand","embeddable":true,"href":"https:\/\/anchorlas.se\/en\/wp-json\/wp\/v2\/product_brand?post=3182"},{"taxonomy":"product_cat","embeddable":true,"href":"https:\/\/anchorlas.se\/en\/wp-json\/wp\/v2\/product_cat?post=3182"},{"taxonomy":"product_tag","embeddable":true,"href":"https:\/\/anchorlas.se\/en\/wp-json\/wp\/v2\/product_tag?post=3182"}],"curies":[{"name":"wp","href":"https:\/\/api.w.org\/{rel}","templated":true}]}}