{"id":3081,"date":"2022-11-29T16:32:15","date_gmt":"2022-11-29T15:32:15","guid":{"rendered":"https:\/\/anchorlas.se\/?post_type=product&#038;p=3081"},"modified":"2026-02-16T15:13:09","modified_gmt":"2026-02-16T14:13:09","slug":"anchor-801-1-b20-ip68","status":"publish","type":"product","link":"https:\/\/anchorlas.se\/en\/produkter\/anchor-801-1-b20-ip68\/","title":{"rendered":"ANCHOR 801-1 S20 IP68"},"content":{"rendered":"<p class=\" translation-block\">A CEN Grade 2 padlock for oval cylinder where the cylinder is protected according to\nthe IP68 standard. Suitable for locking in tougher environments, e.g. shutters,\nappliance cabinets and switches where a thinner diameter of the shackle\nusually required. The padlock is designed for mounting of\nScandinavian oval cylinder and is supplied with O-rings in the shackle holes\nand with a tight, fold-out hatch over the cylinder. Hermetically sealed.\nThe rubber seal is supplied in black as standard, but is available in several\ndifferent colors to simplify the marking of e.g. area, affiliation.\nPatented product.<\/p>\n<p><em><u>This padlock is offered and manufactured on request. A longer production time and a larger quantity are required for orders. <\/u><\/em><em><u>MOQ 800 pcs<\/u><\/em><\/p>","protected":false},"excerpt":{"rendered":"<p>Ett klass 1 h\u00e4ngl\u00e5s f\u00f6r oval cylinder d\u00e4r cylindern blir skyddad enligt IP68-standarden. L\u00e4mplig f\u00f6r l\u00e5sning i tuffare milj\u00f6er, t.ex. luckor, apparatsk\u00e5p och str\u00f6mbrytare d\u00e4r en tunnare diameter p\u00e5 bygeln vanligtvis kr\u00e4vs. H\u00e4ngl\u00e5set \u00e4r konstruerat f\u00f6r montering av skandinavisk ovalcylinder och levereras med O-ringar i bygelh\u00e5len och med en t\u00e4t, utf\u00e4llbar lucka \u00f6ver cylindern. Hermetiskt [&hellip;]<\/p>\n","protected":false},"featured_media":3134,"template":"","meta":{"_acf_changed":false},"product_brand":[],"product_cat":[50,68,330],"product_tag":[],"class_list":{"0":"post-3081","1":"product","2":"type-product","3":"status-publish","4":"has-post-thumbnail","6":"product_cat-hanglas","7":"product_cat-klass-1","8":"product_cat-vaderskyddad-ip68-hanglas","9":"pa_bygel-rostfritt-stal","10":"pa_bygelbredd-mm-285","11":"pa_bygeldiameter-mm-236","12":"pa_bygelhojd-286","13":"pa_cylindertyp-oval","14":"pa_hanglaskropp-massing","15":"pa_kistbredd-mm-221","16":"pa_klassning-ssf-klass-1-cen-grade-2","18":"first","19":"instock","20":"shipping-taxable","21":"purchasable","22":"product-type-variable"},"acf":[],"_links":{"self":[{"href":"https:\/\/anchorlas.se\/en\/wp-json\/wp\/v2\/product\/3081","targetHints":{"allow":["GET"]}}],"collection":[{"href":"https:\/\/anchorlas.se\/en\/wp-json\/wp\/v2\/product"}],"about":[{"href":"https:\/\/anchorlas.se\/en\/wp-json\/wp\/v2\/types\/product"}],"wp:featuredmedia":[{"embeddable":true,"href":"https:\/\/anchorlas.se\/en\/wp-json\/wp\/v2\/media\/3134"}],"wp:attachment":[{"href":"https:\/\/anchorlas.se\/en\/wp-json\/wp\/v2\/media?parent=3081"}],"wp:term":[{"taxonomy":"product_brand","embeddable":true,"href":"https:\/\/anchorlas.se\/en\/wp-json\/wp\/v2\/product_brand?post=3081"},{"taxonomy":"product_cat","embeddable":true,"href":"https:\/\/anchorlas.se\/en\/wp-json\/wp\/v2\/product_cat?post=3081"},{"taxonomy":"product_tag","embeddable":true,"href":"https:\/\/anchorlas.se\/en\/wp-json\/wp\/v2\/product_tag?post=3081"}],"curies":[{"name":"wp","href":"https:\/\/api.w.org\/{rel}","templated":true}]}}