{"id":2988,"date":"2022-02-16T11:37:45","date_gmt":"2022-02-16T10:37:45","guid":{"rendered":"https:\/\/anchorlas.se\/?post_type=product&#038;p=2988"},"modified":"2026-02-17T15:05:49","modified_gmt":"2026-02-17T14:05:49","slug":"anchor-840-4-b50-oval-xl-wp","status":"publish","type":"product","link":"https:\/\/anchorlas.se\/en\/produkter\/anchor-840-4-b50-oval-xl-wp\/","title":{"rendered":"ANCHOR 840-4 S50 Oval XL WP"},"content":{"rendered":"<p>A strong and weather-protected CEN Grade 5 padlock in model XL. Suitable for locking containers, gates, warehouses and the like. The padlock is designed for mounting cylinders of the type Scandinavian oval cylinders. The lock is delivered in a weather-protected design with sealing O-rings in the shackle holes. A number of electronic cylinders on the market have a 10mm longer oval cylinder than standard, for which our variant XL can be used.<\/p>","protected":false},"excerpt":{"rendered":"<p>Ett kraftigt v\u00e4derskyddat klass 4 h\u00e4ngl\u00e5s modell XL. L\u00e4mpligt f\u00f6r l\u00e5sning av containers, lagerlokaler, grindar och dyl. H\u00e4ngl\u00e5set \u00e4r designat f\u00f6r montering av cylindrar av typen skandinaviska ovalcylindrar. Ovalcylindern skyddas i h\u00e4ngl\u00e5set av en 5mm tjock h\u00e4rdad t\u00e4ckbricka. L\u00e5set levereras i v\u00e4derskyddat utf\u00f6rande med t\u00e4tande O-ringar i bygelh\u00e5len. Ett antal elektronikcylindrar p\u00e5 marknaden har en [&hellip;]<\/p>\n","protected":false},"featured_media":3348,"template":"","meta":{"_acf_changed":false},"product_brand":[],"product_cat":[310,50,51,307],"product_tag":[],"class_list":{"0":"post-2988","1":"product","2":"type-product","3":"status-publish","4":"has-post-thumbnail","6":"product_cat-extra-lang-xl","7":"product_cat-hanglas","8":"product_cat-klass-4","9":"product_cat-vaderskyddad-wp","10":"pa_bygel-hardat-stal","11":"pa_bygelbredd-mm-293","12":"pa_bygeldiameter-mm-207","13":"pa_bygelhojd-278","14":"pa_cylindertyp-oval","15":"pa_hanglaskropp-hardat-stal","16":"pa_kistbredd-mm-243","17":"pa_klassning-ssf-klass-4-cen-grade-5","18":"pa_tillval-lostagbar-bygel-l","19":"pa_tillval-vaderskyddad-wp","21":"first","22":"instock","23":"purchasable","24":"product-type-variable"},"acf":[],"_links":{"self":[{"href":"https:\/\/anchorlas.se\/en\/wp-json\/wp\/v2\/product\/2988","targetHints":{"allow":["GET"]}}],"collection":[{"href":"https:\/\/anchorlas.se\/en\/wp-json\/wp\/v2\/product"}],"about":[{"href":"https:\/\/anchorlas.se\/en\/wp-json\/wp\/v2\/types\/product"}],"wp:featuredmedia":[{"embeddable":true,"href":"https:\/\/anchorlas.se\/en\/wp-json\/wp\/v2\/media\/3348"}],"wp:attachment":[{"href":"https:\/\/anchorlas.se\/en\/wp-json\/wp\/v2\/media?parent=2988"}],"wp:term":[{"taxonomy":"product_brand","embeddable":true,"href":"https:\/\/anchorlas.se\/en\/wp-json\/wp\/v2\/product_brand?post=2988"},{"taxonomy":"product_cat","embeddable":true,"href":"https:\/\/anchorlas.se\/en\/wp-json\/wp\/v2\/product_cat?post=2988"},{"taxonomy":"product_tag","embeddable":true,"href":"https:\/\/anchorlas.se\/en\/wp-json\/wp\/v2\/product_tag?post=2988"}],"curies":[{"name":"wp","href":"https:\/\/api.w.org\/{rel}","templated":true}]}}