{"id":1745,"date":"2021-04-20T11:05:02","date_gmt":"2021-04-20T09:05:02","guid":{"rendered":"https:\/\/anchorlas.se\/product\/anchor-840-4-b27-oval-wp\/"},"modified":"2026-02-24T11:59:42","modified_gmt":"2026-02-24T10:59:42","slug":"anchor-840-4-b27-oval-wp","status":"publish","type":"product","link":"https:\/\/anchorlas.se\/en\/produkter\/anchor-840-4-b27-oval-wp\/","title":{"rendered":"ANCHOR 840-4 S27 Oval WP"},"content":{"rendered":"<p>A powerful and weather-protected CEN Grade 5 padlock suitable for locking containers, storage rooms, gates and the like. The padlock is designed for mounting cylinders of the type Scandinavian oval cylinders. The oval cylinder is protected in the padlock by a 5mm thick hardened cover plate. The lock is delivered in a weather-protected design with sealing O-rings in the shackle holes. As an option, the lock is also available with a loose shackle to facilitate locking in hard-to-reach spaces.<\/p>","protected":false},"excerpt":{"rendered":"<p>Ett kraftigt v\u00e4derskyddat klass 4 h\u00e4ngl\u00e5s l\u00e4mpligt f\u00f6r l\u00e5sning av containers, lagerlokaler, grindar och dyl. H\u00e4ngl\u00e5set \u00e4r designat f\u00f6r montering av cylindrar av typen skandinaviska ovalcylindrar. Ovalcylindern skyddas i h\u00e4ngl\u00e5set av en 5mm tjock h\u00e4rdad t\u00e4ckbricka. L\u00e5set levereras i v\u00e4derskyddat utf\u00f6rande med t\u00e4tande O-ringar i bygelh\u00e5len. Som tillval kan l\u00e5set \u00e4ven f\u00e5s med l\u00f6stagbar bygel [&hellip;]<\/p>\n","protected":false},"featured_media":1768,"template":"","meta":{"_acf_changed":false},"product_brand":[],"product_cat":[50,51,307],"product_tag":[],"class_list":{"0":"post-1745","1":"product","2":"type-product","3":"status-publish","4":"has-post-thumbnail","6":"product_cat-hanglas","7":"product_cat-klass-4","8":"product_cat-vaderskyddad-wp","9":"pa_bygel-hardat-stal","10":"pa_bygelbredd-mm-293","11":"pa_bygeldiameter-mm-207","12":"pa_bygelhojd-277","13":"pa_cylindertyp-oval","14":"pa_hanglaskropp-hardat-stal","15":"pa_kistbredd-mm-243","16":"pa_klassning-ssf-klass-4-cen-grade-5","17":"pa_tillval-lostagbar-bygel-l","19":"first","20":"instock","21":"purchasable","22":"product-type-variable"},"acf":[],"_links":{"self":[{"href":"https:\/\/anchorlas.se\/en\/wp-json\/wp\/v2\/product\/1745","targetHints":{"allow":["GET"]}}],"collection":[{"href":"https:\/\/anchorlas.se\/en\/wp-json\/wp\/v2\/product"}],"about":[{"href":"https:\/\/anchorlas.se\/en\/wp-json\/wp\/v2\/types\/product"}],"wp:featuredmedia":[{"embeddable":true,"href":"https:\/\/anchorlas.se\/en\/wp-json\/wp\/v2\/media\/1768"}],"wp:attachment":[{"href":"https:\/\/anchorlas.se\/en\/wp-json\/wp\/v2\/media?parent=1745"}],"wp:term":[{"taxonomy":"product_brand","embeddable":true,"href":"https:\/\/anchorlas.se\/en\/wp-json\/wp\/v2\/product_brand?post=1745"},{"taxonomy":"product_cat","embeddable":true,"href":"https:\/\/anchorlas.se\/en\/wp-json\/wp\/v2\/product_cat?post=1745"},{"taxonomy":"product_tag","embeddable":true,"href":"https:\/\/anchorlas.se\/en\/wp-json\/wp\/v2\/product_tag?post=1745"}],"curies":[{"name":"wp","href":"https:\/\/api.w.org\/{rel}","templated":true}]}}