{"id":1734,"date":"2021-04-20T11:05:16","date_gmt":"2021-04-20T09:05:16","guid":{"rendered":"https:\/\/anchorlas.se\/product\/anchor-580-5-b50-euro-wp\/"},"modified":"2026-02-17T15:26:12","modified_gmt":"2026-02-17T14:26:12","slug":"anchor-580-5-b50-euro-wp","status":"publish","type":"product","link":"https:\/\/anchorlas.se\/en\/produkter\/anchor-580-5-b50-euro-wp\/","title":{"rendered":"ANCHOR 580-5 S50 Euro WP"},"content":{"rendered":"<p>A powerful and weather-protected CEN Grade 5 padlock suitable for locking containers, storage rooms, gates and the like. The padlock is designed for mounting cylinders of the single euro profile type (with a total length of 39-41.3mm). The cylinder is protected in the padlock by a 5mm thick hardened cover plate. The lock is delivered in a weather-protected design with a protective plastic cover and rubber cap for the cylinder hole. As an option, the lock is also available with a removable shackle.<\/p>","protected":false},"excerpt":{"rendered":"<p>Ett kraftigt v\u00e4derskyddat h\u00e4ngl\u00e5s certifierad EN12320 Grade 5, l\u00e4mpligt f\u00f6r l\u00e5sning av containers, lagerlokaler, grindar och dyl. H\u00e4ngl\u00e5set \u00e4r designat f\u00f6r montering av cylindrar av typen singel europrofil (med total l\u00e4ngd 39-41.3mm). Cylindern skyddas i h\u00e4ngl\u00e5set av en 5mm tjock h\u00e4rdad t\u00e4ckbricka. L\u00e5set levereras i v\u00e4derskyddat utf\u00f6rande med en skyddande plastk\u00e5pa och gummit\u00e4tning f\u00f6r cylinderh\u00e5let. [&hellip;]<\/p>\n","protected":false},"featured_media":1674,"template":"","meta":{"_acf_changed":false},"product_brand":[],"product_cat":[50,307],"product_tag":[],"class_list":{"0":"post-1734","1":"product","2":"type-product","3":"status-publish","4":"has-post-thumbnail","6":"product_cat-hanglas","7":"product_cat-vaderskyddad-wp","8":"pa_bygel-hardat-stal","9":"pa_bygelbredd-mm-293","10":"pa_bygeldiameter-mm-207","11":"pa_bygelhojd-278","12":"pa_cylindertyp-singel-europrofil","13":"pa_hanglaskropp-hardat-stal","14":"pa_kistbredd-mm-243","15":"pa_klassning-ssf-klass-4-cen-grade-5","16":"pa_tillval-lostagbar-bygel-l","18":"first","19":"instock","20":"purchasable","21":"product-type-variable"},"acf":[],"_links":{"self":[{"href":"https:\/\/anchorlas.se\/en\/wp-json\/wp\/v2\/product\/1734","targetHints":{"allow":["GET"]}}],"collection":[{"href":"https:\/\/anchorlas.se\/en\/wp-json\/wp\/v2\/product"}],"about":[{"href":"https:\/\/anchorlas.se\/en\/wp-json\/wp\/v2\/types\/product"}],"wp:featuredmedia":[{"embeddable":true,"href":"https:\/\/anchorlas.se\/en\/wp-json\/wp\/v2\/media\/1674"}],"wp:attachment":[{"href":"https:\/\/anchorlas.se\/en\/wp-json\/wp\/v2\/media?parent=1734"}],"wp:term":[{"taxonomy":"product_brand","embeddable":true,"href":"https:\/\/anchorlas.se\/en\/wp-json\/wp\/v2\/product_brand?post=1734"},{"taxonomy":"product_cat","embeddable":true,"href":"https:\/\/anchorlas.se\/en\/wp-json\/wp\/v2\/product_cat?post=1734"},{"taxonomy":"product_tag","embeddable":true,"href":"https:\/\/anchorlas.se\/en\/wp-json\/wp\/v2\/product_tag?post=1734"}],"curies":[{"name":"wp","href":"https:\/\/api.w.org\/{rel}","templated":true}]}}