{"id":1723,"date":"2021-04-20T11:05:16","date_gmt":"2021-04-20T09:05:16","guid":{"rendered":"https:\/\/anchorlas.se\/product\/anchor-802-2-b110-oval-wp\/"},"modified":"2026-02-16T15:13:08","modified_gmt":"2026-02-16T14:13:08","slug":"anchor-802-2-b110-oval-wp","status":"publish","type":"product","link":"https:\/\/anchorlas.se\/en\/produkter\/anchor-802-2-b110-oval-wp\/","title":{"rendered":"ANCHOR 802-2 S110 Oval WP"},"content":{"rendered":"<p>A strong and weather-protected CEN Grade 3 padlock made entirely of stainless steel materials. Suitable for locking basements, attics, windows and the like. The padlock is designed for mounting cylinders of the type Scandinavian oval cylinders. The lock is delivered in a weather-protected design with sealing O-rings in the shackle holes and a weather protection cap for the cylinder. As an option, the lock is also available with a self-locking function. The lock is delivered with a pop-up spring.<\/p>","protected":false},"excerpt":{"rendered":"<p>Ett kraftigt v\u00e4derskyddat klass 2 h\u00e4ngl\u00e5s tillverkat helt i rostfria material. L\u00e4mpligt f\u00f6r l\u00e5sning av k\u00e4llare, vindskontor, f\u00f6nster och dyl. H\u00e4ngl\u00e5set \u00e4r designat f\u00f6r montering av cylindrar av typen skandinaviska ovalcylindrar. L\u00e5set levereras i v\u00e4derskyddat utf\u00f6rande med t\u00e4tande O-ringar i bygelh\u00e5len och ett v\u00e4derskydd f\u00f6r cylindern. Som tillval kan l\u00e5set \u00e4ven f\u00e5s med sj\u00e4lvl\u00e5sande funktion. [&hellip;]<\/p>\n","protected":false},"featured_media":2967,"template":"","meta":{"_acf_changed":false},"product_brand":[],"product_cat":[50,63,307],"product_tag":[],"class_list":{"0":"post-1723","1":"product","2":"type-product","3":"status-publish","4":"has-post-thumbnail","6":"product_cat-hanglas","7":"product_cat-klass-2","8":"product_cat-vaderskyddad-wp","9":"pa_bygel-rostfritt-stal","10":"pa_bygelbredd-mm-285","11":"pa_bygeldiameter-mm-224","12":"pa_bygelhojd-284","13":"pa_cylindertyp-oval","14":"pa_hanglaskropp-massing","15":"pa_kistbredd-mm-247","16":"pa_klassning-ssf-klass-2-cen-grade-3","17":"pa_tillval-extra-lang-xl-d-72mm","18":"pa_tillval-sjalvlasande-sl","20":"first","21":"instock","22":"purchasable","23":"product-type-variable"},"acf":[],"_links":{"self":[{"href":"https:\/\/anchorlas.se\/en\/wp-json\/wp\/v2\/product\/1723","targetHints":{"allow":["GET"]}}],"collection":[{"href":"https:\/\/anchorlas.se\/en\/wp-json\/wp\/v2\/product"}],"about":[{"href":"https:\/\/anchorlas.se\/en\/wp-json\/wp\/v2\/types\/product"}],"wp:featuredmedia":[{"embeddable":true,"href":"https:\/\/anchorlas.se\/en\/wp-json\/wp\/v2\/media\/2967"}],"wp:attachment":[{"href":"https:\/\/anchorlas.se\/en\/wp-json\/wp\/v2\/media?parent=1723"}],"wp:term":[{"taxonomy":"product_brand","embeddable":true,"href":"https:\/\/anchorlas.se\/en\/wp-json\/wp\/v2\/product_brand?post=1723"},{"taxonomy":"product_cat","embeddable":true,"href":"https:\/\/anchorlas.se\/en\/wp-json\/wp\/v2\/product_cat?post=1723"},{"taxonomy":"product_tag","embeddable":true,"href":"https:\/\/anchorlas.se\/en\/wp-json\/wp\/v2\/product_tag?post=1723"}],"curies":[{"name":"wp","href":"https:\/\/api.w.org\/{rel}","templated":true}]}}