{"id":1715,"date":"2021-04-20T11:05:02","date_gmt":"2021-04-20T09:05:02","guid":{"rendered":"https:\/\/anchorlas.se\/product\/anchor-830-3-b50-oval-xl-wp\/"},"modified":"2026-02-17T15:34:57","modified_gmt":"2026-02-17T14:34:57","slug":"anchor-830-3-b50-oval-xl-wp","status":"publish","type":"product","link":"https:\/\/anchorlas.se\/en\/produkter\/anchor-830-3-b50-oval-xl-wp\/","title":{"rendered":"ANCHOR 830-3 S50 Oval XL WP"},"content":{"rendered":"<p>A powerful and  weather-protected CEN Grade 4 padlock in model XL. Suitable for locking boats, motorcycles, mopeds, roadblocks and the like. The padlock is designed for mounting cylinders of the type Scandinavian oval cylinders. The lock is delivered in a weather-protected design with sealing O-rings in the shackle holes. A number of electronic cylinders on the market have a 10mm longer oval cylinder than standard, for which our variant XL can be used.<\/p>","protected":false},"excerpt":{"rendered":"<p>Ett kraftigt v\u00e4derskyddat klass 3 h\u00e4ngl\u00e5s modell XL. L\u00e4mpligt f\u00f6r l\u00e5sning av b\u00e5tar, motorcyklar, mopeder, v\u00e4gbommar och dyl. H\u00e4ngl\u00e5set \u00e4r designat f\u00f6r montering av cylindrar av typen skandinaviska ovalcylindrar. L\u00e5set levereras i v\u00e4derskyddat utf\u00f6rande med t\u00e4tande O-ringar i bygelh\u00e5len. Ett antal elektronikcylindrar p\u00e5 marknaden har en 10mm l\u00e4ngre ovalcylinder \u00e4n standard, till dessa kan v\u00e5r [&hellip;]<\/p>\n","protected":false},"featured_media":3346,"template":"","meta":{"_acf_changed":false},"product_brand":[],"product_cat":[310,50,55,307],"product_tag":[],"class_list":{"0":"post-1715","1":"product","2":"type-product","3":"status-publish","4":"has-post-thumbnail","6":"product_cat-extra-lang-xl","7":"product_cat-hanglas","8":"product_cat-klass-3","9":"product_cat-vaderskyddad-wp","10":"pa_bygel-hardat-stal","11":"pa_bygelbredd-mm-281","12":"pa_bygeldiameter-mm-219","13":"pa_bygelhojd-278","14":"pa_cylindertyp-oval","15":"pa_hanglaskropp-hardat-stal","16":"pa_kistbredd-mm-221","17":"pa_klassning-ssf-klass-3-cen-grade-4","19":"first","20":"instock","21":"purchasable","22":"product-type-variable"},"acf":[],"_links":{"self":[{"href":"https:\/\/anchorlas.se\/en\/wp-json\/wp\/v2\/product\/1715","targetHints":{"allow":["GET"]}}],"collection":[{"href":"https:\/\/anchorlas.se\/en\/wp-json\/wp\/v2\/product"}],"about":[{"href":"https:\/\/anchorlas.se\/en\/wp-json\/wp\/v2\/types\/product"}],"wp:featuredmedia":[{"embeddable":true,"href":"https:\/\/anchorlas.se\/en\/wp-json\/wp\/v2\/media\/3346"}],"wp:attachment":[{"href":"https:\/\/anchorlas.se\/en\/wp-json\/wp\/v2\/media?parent=1715"}],"wp:term":[{"taxonomy":"product_brand","embeddable":true,"href":"https:\/\/anchorlas.se\/en\/wp-json\/wp\/v2\/product_brand?post=1715"},{"taxonomy":"product_cat","embeddable":true,"href":"https:\/\/anchorlas.se\/en\/wp-json\/wp\/v2\/product_cat?post=1715"},{"taxonomy":"product_tag","embeddable":true,"href":"https:\/\/anchorlas.se\/en\/wp-json\/wp\/v2\/product_tag?post=1715"}],"curies":[{"name":"wp","href":"https:\/\/api.w.org\/{rel}","templated":true}]}}