{"id":1714,"date":"2021-04-20T11:05:02","date_gmt":"2021-04-20T09:05:02","guid":{"rendered":"https:\/\/anchorlas.se\/product\/anchor-830-3-b50-oval-wp\/"},"modified":"2026-02-17T15:34:25","modified_gmt":"2026-02-17T14:34:25","slug":"anchor-830-3-b50-oval-wp","status":"publish","type":"product","link":"https:\/\/anchorlas.se\/en\/produkter\/anchor-830-3-b50-oval-wp\/","title":{"rendered":"ANCHOR 830-3 S50 Oval WP"},"content":{"rendered":"<p>A powerful and weather-protected CEN Grade 4 padlock suitable for locking boats, motorcycles, mopeds, roadblocks and the like. The padlock is designed for mounting cylinders of the type Scandinavian oval cylinders. The lock is delivered in a weather-protected design with sealing O-rings in the shackle holes and a weather protection cap for the cylinder. As an option, the lock is also available with a loose shackle to facilitate locking in hard-to-reach spaces.<\/p>","protected":false},"excerpt":{"rendered":"<p>Ett kraftigt v\u00e4derskyddat klass 3 h\u00e4ngl\u00e5s l\u00e4mpligt f\u00f6r l\u00e5sning av b\u00e5tar, motorcyklar, mopeder, v\u00e4gbommar och dyl. H\u00e4ngl\u00e5set \u00e4r designat f\u00f6r montering av cylindrar av typen skandinaviska ovalcylindrar. L\u00e5set levereras i v\u00e4derskyddat utf\u00f6rande med t\u00e4tande O-ringar i bygelh\u00e5len och ett v\u00e4derskydd f\u00f6r cylindern. Som tillval kan l\u00e5set \u00e4ven f\u00e5s med l\u00f6stagbar bygel f\u00f6r att underl\u00e4tta l\u00e5sning [&hellip;]<\/p>\n","protected":false},"featured_media":1695,"template":"","meta":{"_acf_changed":false},"product_brand":[],"product_cat":[50,55,307],"product_tag":[],"class_list":{"0":"post-1714","1":"product","2":"type-product","3":"status-publish","4":"has-post-thumbnail","6":"product_cat-hanglas","7":"product_cat-klass-3","8":"product_cat-vaderskyddad-wp","9":"pa_bygel-hardat-stal","10":"pa_bygelbredd-mm-281","11":"pa_bygeldiameter-mm-219","12":"pa_bygelhojd-278","13":"pa_cylindertyp-oval","14":"pa_hanglaskropp-hardat-stal","15":"pa_kistbredd-mm-221","16":"pa_klassning-ssf-klass-3-cen-grade-4","17":"pa_tillval-sjalvlasande-sl","19":"first","20":"instock","21":"purchasable","22":"product-type-variable"},"acf":[],"_links":{"self":[{"href":"https:\/\/anchorlas.se\/en\/wp-json\/wp\/v2\/product\/1714","targetHints":{"allow":["GET"]}}],"collection":[{"href":"https:\/\/anchorlas.se\/en\/wp-json\/wp\/v2\/product"}],"about":[{"href":"https:\/\/anchorlas.se\/en\/wp-json\/wp\/v2\/types\/product"}],"wp:featuredmedia":[{"embeddable":true,"href":"https:\/\/anchorlas.se\/en\/wp-json\/wp\/v2\/media\/1695"}],"wp:attachment":[{"href":"https:\/\/anchorlas.se\/en\/wp-json\/wp\/v2\/media?parent=1714"}],"wp:term":[{"taxonomy":"product_brand","embeddable":true,"href":"https:\/\/anchorlas.se\/en\/wp-json\/wp\/v2\/product_brand?post=1714"},{"taxonomy":"product_cat","embeddable":true,"href":"https:\/\/anchorlas.se\/en\/wp-json\/wp\/v2\/product_cat?post=1714"},{"taxonomy":"product_tag","embeddable":true,"href":"https:\/\/anchorlas.se\/en\/wp-json\/wp\/v2\/product_tag?post=1714"}],"curies":[{"name":"wp","href":"https:\/\/api.w.org\/{rel}","templated":true}]}}