{"id":1702,"date":"2021-04-20T11:04:46","date_gmt":"2021-04-20T09:04:46","guid":{"rendered":"https:\/\/anchorlas.se\/product\/anchor-800-3-b50-wp\/"},"modified":"2026-02-17T15:51:04","modified_gmt":"2026-02-17T14:51:04","slug":"anchor-800-3-b50-wp","status":"publish","type":"product","link":"https:\/\/anchorlas.se\/en\/produkter\/anchor-800-3-b50-wp\/","title":{"rendered":"ANCHOR 800-3 S50 WP"},"content":{"rendered":"<p>A powerful and weather-protected CEN Grade 4 padlock suitable for locking boats, motorcycles, mopeds, roadblocks and the like. The padlock includes ANCHOR disc lock cylinder and 2 keys. The cylinder is protected in the padlock by a 3mm thick hardened free-rotating washer. The padlock is available in a master key system and equal locking groups. The lock is delivered in a weather-protected design with sealing O-rings in the shackle  holes and a weather protection cap for the cylinder. As an option, the lock is also available with a loose shackle to facilitate locking in hard-to-reach spaces.<\/p>","protected":false},"excerpt":{"rendered":"<p>Ett kraftigt v\u00e4derskyddat klass 3 h\u00e4ngl\u00e5s l\u00e4mpligt f\u00f6r l\u00e5sning av b\u00e5tar, motorcyklar, mopeder, v\u00e4gbommar och dyl. I h\u00e4ngl\u00e5set ing\u00e5r ANCHOR skivl\u00e5scylinder samt 2st nycklar. Cylindern skyddas i h\u00e4ngl\u00e5set av en 3mm tjock h\u00e4rdad friroterande bricka. H\u00e4ngl\u00e5set kan f\u00e5s i huvudnyckelsystem och lika l\u00e5sningsgrupp. L\u00e5set levereras i v\u00e4derskyddat utf\u00f6rande med t\u00e4tande O-ringar i bygelh\u00e5len och ett [&hellip;]<\/p>\n","protected":false},"featured_media":1677,"template":"","meta":{"_acf_changed":false},"product_brand":[],"product_cat":[50,55,307],"product_tag":[],"class_list":{"0":"post-1702","1":"product","2":"type-product","3":"status-publish","4":"has-post-thumbnail","6":"product_cat-hanglas","7":"product_cat-klass-3","8":"product_cat-vaderskyddad-wp","9":"pa_bygel-hardat-stal","10":"pa_bygelbredd-mm-281","11":"pa_bygeldiameter-mm-219","12":"pa_bygelhojd-278","13":"pa_cylindertyp-skivlascylinder","14":"pa_hanglaskropp-hardat-stal","15":"pa_kistbredd-mm-221","16":"pa_klassning-ssf-klass-3-cen-grade-4","17":"pa_tillval-blisterpack-sb","18":"pa_tillval-komplettering-av-likalasning-komp-ll","19":"pa_tillval-komplettering-av-system-komp-sys","20":"pa_tillval-lassmedspack-exkl-sparrskivor-och-nycklar-exkl-ss","21":"pa_tillval-lika-lasning-ll","22":"pa_tillval-lostagbar-bygel-l","23":"pa_tillval-system-sys","25":"first","26":"instock","27":"purchasable","28":"product-type-variable"},"acf":[],"_links":{"self":[{"href":"https:\/\/anchorlas.se\/en\/wp-json\/wp\/v2\/product\/1702","targetHints":{"allow":["GET"]}}],"collection":[{"href":"https:\/\/anchorlas.se\/en\/wp-json\/wp\/v2\/product"}],"about":[{"href":"https:\/\/anchorlas.se\/en\/wp-json\/wp\/v2\/types\/product"}],"wp:featuredmedia":[{"embeddable":true,"href":"https:\/\/anchorlas.se\/en\/wp-json\/wp\/v2\/media\/1677"}],"wp:attachment":[{"href":"https:\/\/anchorlas.se\/en\/wp-json\/wp\/v2\/media?parent=1702"}],"wp:term":[{"taxonomy":"product_brand","embeddable":true,"href":"https:\/\/anchorlas.se\/en\/wp-json\/wp\/v2\/product_brand?post=1702"},{"taxonomy":"product_cat","embeddable":true,"href":"https:\/\/anchorlas.se\/en\/wp-json\/wp\/v2\/product_cat?post=1702"},{"taxonomy":"product_tag","embeddable":true,"href":"https:\/\/anchorlas.se\/en\/wp-json\/wp\/v2\/product_tag?post=1702"}],"curies":[{"name":"wp","href":"https:\/\/api.w.org\/{rel}","templated":true}]}}