{"id":1698,"date":"2021-04-20T11:04:46","date_gmt":"2021-04-20T09:04:46","guid":{"rendered":"https:\/\/anchorlas.se\/product\/anchor-880-4-b27-wp\/"},"modified":"2026-02-24T12:10:29","modified_gmt":"2026-02-24T11:10:29","slug":"anchor-880-4-b27-wp","status":"publish","type":"product","link":"https:\/\/anchorlas.se\/en\/produkter\/anchor-880-4-b27-wp\/","title":{"rendered":"ANCHOR 880-4 S27 WP"},"content":{"rendered":"<p class=\" translation-block\">A powerful and weather-protected CEN Grade 5 padlock suitable for locking containers, warehouses, gates and the like. The padlock is included ANCHOR disc lock cylinder and 2 keys. The cylinder is protected in the padlock by a 4.5mm thick hardened free-rotating washer. The padlock is available in master key systems and equal locking groups. The lock is delivered in a weather-protected design with sealing O-rings in the shackle holes and a weather protection cap for the cylinder. As an option, the lock is available with a loose shackle to facilitate locking in hard-to-reach spaces.<\/p>","protected":false},"excerpt":{"rendered":"<p>Ett kraftigt v\u00e4derskyddat klass 4 h\u00e4ngl\u00e5s l\u00e4mpligt f\u00f6r l\u00e5sning av containers, lagerlokaler, grindar och dyl. I h\u00e4ngl\u00e5set ing\u00e5r ANCHOR skivl\u00e5scylinder samt 2st nycklar. Cylindern skyddas i h\u00e4ngl\u00e5set av en 4.5mm tjock h\u00e4rdad friroterande bricka. H\u00e4ngl\u00e5set kan f\u00e5s i huvudnyckelsystem och lika l\u00e5sningsgrupp. L\u00e5set levereras med ett v\u00e4derskydd f\u00f6r cylindern. Som tillval kan l\u00e5set f\u00e5s med [&hellip;]<\/p>\n","protected":false},"featured_media":2399,"template":"","meta":{"_acf_changed":false},"product_brand":[],"product_cat":[50,51,307],"product_tag":[],"class_list":{"0":"post-1698","1":"product","2":"type-product","3":"status-publish","4":"has-post-thumbnail","6":"product_cat-hanglas","7":"product_cat-klass-4","8":"product_cat-vaderskyddad-wp","9":"pa_bygel-hardat-stal","10":"pa_bygelbredd-mm-29-5","11":"pa_bygeldiameter-mm-207","12":"pa_bygelhojd-277","13":"pa_cylindertyp-skivlascylinder","14":"pa_hanglaskropp-hardat-stal","15":"pa_kistbredd-mm-210","16":"pa_klassning-ssf-klass-4-cen-grade-5","17":"pa_tillval-blisterpack-sb","18":"pa_tillval-komplettering-av-likalasning-komp-ll","19":"pa_tillval-komplettering-av-system-komp-sys","20":"pa_tillval-lassmedspack-exkl-sparrskivor-och-nycklar-exkl-ss","21":"pa_tillval-lika-lasning-ll","22":"pa_tillval-lostagbar-bygel-l","23":"pa_tillval-system-sys","25":"first","26":"instock","27":"purchasable","28":"product-type-variable"},"acf":[],"_links":{"self":[{"href":"https:\/\/anchorlas.se\/en\/wp-json\/wp\/v2\/product\/1698","targetHints":{"allow":["GET"]}}],"collection":[{"href":"https:\/\/anchorlas.se\/en\/wp-json\/wp\/v2\/product"}],"about":[{"href":"https:\/\/anchorlas.se\/en\/wp-json\/wp\/v2\/types\/product"}],"wp:featuredmedia":[{"embeddable":true,"href":"https:\/\/anchorlas.se\/en\/wp-json\/wp\/v2\/media\/2399"}],"wp:attachment":[{"href":"https:\/\/anchorlas.se\/en\/wp-json\/wp\/v2\/media?parent=1698"}],"wp:term":[{"taxonomy":"product_brand","embeddable":true,"href":"https:\/\/anchorlas.se\/en\/wp-json\/wp\/v2\/product_brand?post=1698"},{"taxonomy":"product_cat","embeddable":true,"href":"https:\/\/anchorlas.se\/en\/wp-json\/wp\/v2\/product_cat?post=1698"},{"taxonomy":"product_tag","embeddable":true,"href":"https:\/\/anchorlas.se\/en\/wp-json\/wp\/v2\/product_tag?post=1698"}],"curies":[{"name":"wp","href":"https:\/\/api.w.org\/{rel}","templated":true}]}}