{"id":1607,"date":"2021-04-20T11:05:45","date_gmt":"2021-04-20T09:05:45","guid":{"rendered":"https:\/\/anchorlas.se\/product\/anchor-skaplas-890\/"},"modified":"2026-02-16T15:13:07","modified_gmt":"2026-02-16T14:13:07","slug":"anchor-skaplas-890","status":"publish","type":"product","link":"https:\/\/anchorlas.se\/en\/produkter\/anchor-skaplas-890\/","title":{"rendered":"ANCHOR Camlock 890"},"content":{"rendered":"<p>A very reliable industrial lock that is used for locking vending machines, cabinets, drawers, control cabinets and similar objects that require a high level of security. The lock fits doors with 16\/19 recesses and door thickness up to 7.5 mm. The cylinder consists of eight locking discs, which gives about 300,000 locking combinations. The key is turned 90 \u00b0 and can only be removed when the bolt is in the locked position. Right turn as standard, left turn on request. Two keys are included as standard. The SB package also includes a catch. Locking plates, cylinder and end nut made of brass. Latch, stop washer, end nut lock washer and nut for cylinder housing made of galvanized steel. The cylinder housing in chrome-plated brass.<\/p>","protected":false},"excerpt":{"rendered":"<p>Ett mycket p\u00e5litligt industril\u00e5s som anv\u00e4nds f\u00f6r l\u00e5sning av automater, sk\u00e5p, l\u00e5dor, apparatsk\u00e5p och liknande objekt som fodrar en h\u00f6g s\u00e4kerhetsniv\u00e5. L\u00e5set passar till d\u00f6rrar med 16\/19 urtag och d\u00f6rrtjocklek upp till 7,5mm. Cylindern best\u00e5r av \u00e5tta sp\u00e4rrskivor, vilket ger ca 300.000 l\u00e5skombinationer. Nyckeln vrids i 90\u00b0 och kan endast tas ur d\u00e5 regeln \u00e4r [&hellip;]<\/p>\n","protected":false},"featured_media":989,"template":"","meta":{"_acf_changed":false},"product_brand":[],"product_cat":[118],"product_tag":[],"class_list":{"0":"post-1607","1":"product","2":"type-product","3":"status-publish","4":"has-post-thumbnail","6":"product_cat-skaplas","7":"pa_cylindertyp-skivlascylinder","8":"pa_laskropp-massing","9":"pa_nyckel-3mm-nysilver","10":"pa_tillval-blisterpack-sb","11":"pa_tillval-komplettering-av-likalasning-komp-ll","12":"pa_tillval-komplettering-av-system-komp-sys","13":"pa_tillval-lassmedspack-exkl-sparrskivor-och-nycklar-exkl-ss","14":"pa_tillval-lika-lasning-ll","15":"pa_tillval-system-sys","17":"first","18":"instock","19":"purchasable","20":"product-type-variable"},"acf":[],"_links":{"self":[{"href":"https:\/\/anchorlas.se\/en\/wp-json\/wp\/v2\/product\/1607","targetHints":{"allow":["GET"]}}],"collection":[{"href":"https:\/\/anchorlas.se\/en\/wp-json\/wp\/v2\/product"}],"about":[{"href":"https:\/\/anchorlas.se\/en\/wp-json\/wp\/v2\/types\/product"}],"wp:featuredmedia":[{"embeddable":true,"href":"https:\/\/anchorlas.se\/en\/wp-json\/wp\/v2\/media\/989"}],"wp:attachment":[{"href":"https:\/\/anchorlas.se\/en\/wp-json\/wp\/v2\/media?parent=1607"}],"wp:term":[{"taxonomy":"product_brand","embeddable":true,"href":"https:\/\/anchorlas.se\/en\/wp-json\/wp\/v2\/product_brand?post=1607"},{"taxonomy":"product_cat","embeddable":true,"href":"https:\/\/anchorlas.se\/en\/wp-json\/wp\/v2\/product_cat?post=1607"},{"taxonomy":"product_tag","embeddable":true,"href":"https:\/\/anchorlas.se\/en\/wp-json\/wp\/v2\/product_tag?post=1607"}],"curies":[{"name":"wp","href":"https:\/\/api.w.org\/{rel}","templated":true}]}}