{"id":1606,"date":"2021-04-20T11:05:30","date_gmt":"2021-04-20T09:05:30","guid":{"rendered":"https:\/\/anchorlas.se\/product\/anchor-hanglaskedja-for-eftermontering\/"},"modified":"2026-02-16T15:13:07","modified_gmt":"2026-02-16T14:13:07","slug":"anchor-hanglaskedja-for-eftermontering","status":"publish","type":"product","link":"https:\/\/anchorlas.se\/en\/produkter\/anchor-hanglaskedja-for-eftermontering\/","title":{"rendered":"ANCHOR Padlock chain - retrofit"},"content":{"rendered":"<p>ANCHOR\u2019s retrofit padlock chain is designed to prevent the padlock from being dropped to the ground or removed by the user.\nThe padlock chain consists of three components: wall bracket, chain, and shackle bracket, which can be ordered separately or as a complete kit.\nThe ANCHOR wall bracket is used to anchor the padlock chain to a wall or beam. The bracket features square holes designed for M5 carriage bolts.\nThe ANCHOR shackle bracket is used to attach the padlock chain to the shackle. It is easily mounted onto the padlock shackle using a rivet and cannot be removed once installed.\nThe ANCHOR padlock chain serves as the link between the wall bracket and the shackle bracket.<\/p>","protected":false},"excerpt":{"rendered":"<p>Anchors eftermonteringsbara h\u00e4ngl\u00e5skedja anv\u00e4nds f\u00f6r att f\u00f6rhindra att h\u00e4ngl\u00e5set tappas i marken eller tas med av anv\u00e4ndaren. H\u00e4ngl\u00e5skedjan best\u00e5r av tre delar: v\u00e4ggf\u00e4ste, kedja och bygelf\u00e4ste, vilka kan best\u00e4llas separat eller som ett komplett kit. Anchor v\u00e4ggf\u00e4ste anv\u00e4nds till f\u00f6rankring av h\u00e4ngl\u00e5skedja p\u00e5 v\u00e4gg eller balk. V\u00e4ggf\u00e4stet har fyrkantsh\u00e5l anpassade f\u00f6r M5 vagnsbult. Anchor bygelf\u00e4ste [&hellip;]<\/p>\n","protected":false},"featured_media":997,"template":"","meta":{"_acf_changed":false},"product_brand":[],"product_cat":[111,93],"product_tag":[],"class_list":{"0":"post-1606","1":"product","2":"type-product","3":"status-publish","4":"has-post-thumbnail","6":"product_cat-hanglaskedja","7":"product_cat-tillbehor","8":"pa_bygeltjocklek-mm-6-5","9":"pa_kedja-4mm-diameter","10":"pa_langd-kedja-mm-115","11":"pa_material-rostfritt-stal","13":"first","14":"instock","15":"purchasable","16":"product-type-variable"},"acf":[],"_links":{"self":[{"href":"https:\/\/anchorlas.se\/en\/wp-json\/wp\/v2\/product\/1606","targetHints":{"allow":["GET"]}}],"collection":[{"href":"https:\/\/anchorlas.se\/en\/wp-json\/wp\/v2\/product"}],"about":[{"href":"https:\/\/anchorlas.se\/en\/wp-json\/wp\/v2\/types\/product"}],"wp:featuredmedia":[{"embeddable":true,"href":"https:\/\/anchorlas.se\/en\/wp-json\/wp\/v2\/media\/997"}],"wp:attachment":[{"href":"https:\/\/anchorlas.se\/en\/wp-json\/wp\/v2\/media?parent=1606"}],"wp:term":[{"taxonomy":"product_brand","embeddable":true,"href":"https:\/\/anchorlas.se\/en\/wp-json\/wp\/v2\/product_brand?post=1606"},{"taxonomy":"product_cat","embeddable":true,"href":"https:\/\/anchorlas.se\/en\/wp-json\/wp\/v2\/product_cat?post=1606"},{"taxonomy":"product_tag","embeddable":true,"href":"https:\/\/anchorlas.se\/en\/wp-json\/wp\/v2\/product_tag?post=1606"}],"curies":[{"name":"wp","href":"https:\/\/api.w.org\/{rel}","templated":true}]}}