{"id":6476,"date":"2024-11-27T11:50:56","date_gmt":"2024-11-27T10:50:56","guid":{"rendered":"https:\/\/anchorlas.se\/?page_id=6476"},"modified":"2024-11-27T12:06:45","modified_gmt":"2024-11-27T11:06:45","slug":"varukorg","status":"publish","type":"page","link":"https:\/\/anchorlas.se\/en\/varukorg\/","title":{"rendered":"Cart"},"content":{"rendered":"<div data-elementor-type=\"wp-page\" data-elementor-id=\"6476\" class=\"elementor elementor-6476\" data-elementor-post-type=\"page\">\n\t\t\t\t\t\t<section class=\"elementor-section elementor-top-section elementor-element elementor-element-c1253dd elementor-section-boxed elementor-section-height-default elementor-section-height-default\" data-id=\"c1253dd\" data-element_type=\"section\" data-e-type=\"section\">\n\t\t\t\t\t\t<div class=\"elementor-container elementor-column-gap-default\">\n\t\t\t\t\t<div class=\"elementor-column elementor-col-100 elementor-top-column elementor-element elementor-element-87e0d09\" data-id=\"87e0d09\" data-element_type=\"column\" data-e-type=\"column\">\n\t\t\t<div class=\"elementor-widget-wrap elementor-element-populated\">\n\t\t\t\t\t\t<div class=\"elementor-element elementor-element-ac5d15d elementor-widget elementor-widget-heading\" data-id=\"ac5d15d\" data-element_type=\"widget\" data-e-type=\"widget\" data-widget_type=\"heading.default\">\n\t\t\t\t<div class=\"elementor-widget-container\">\n\t\t\t\t\t<h1 class=\"elementor-heading-title elementor-size-default\">Cart<\/h1>\t\t\t\t<\/div>\n\t\t\t\t<\/div>\n\t\t\t\t\t<\/div>\n\t\t<\/div>\n\t\t\t\t\t<\/div>\n\t\t<\/section>\n\t\t\t\t<\/div>","protected":false},"excerpt":{"rendered":"<p>Varukorg Remove item Thumbnail image Produkt Pris Antal Delsumma &times; ANCHOR 802-2 B25 Oval Variant: 2280102 &#8211; H\u00c4NGL\u00c5S 802-2 B25 OVAL SL 487&nbsp;&#107;&#114; ANCHOR 802-2 B25 Oval &#8211; 2280102 &#8211; H\u00c4NGL\u00c5S 802-2 B25 OVAL SL m\u00e4ngd 487&nbsp;&#107;&#114; Summering Delsumma 487&nbsp;&#107;&#114; Summa 487&nbsp;&#107;&#114; Forts\u00e4tt till kassan<\/p>","protected":false},"author":1,"featured_media":0,"parent":0,"menu_order":0,"comment_status":"closed","ping_status":"closed","template":"elementor_header_footer","meta":{"_acf_changed":false,"footnotes":""},"class_list":["post-6476","page","type-page","status-publish","hentry"],"acf":[],"_links":{"self":[{"href":"https:\/\/anchorlas.se\/en\/wp-json\/wp\/v2\/pages\/6476","targetHints":{"allow":["GET"]}}],"collection":[{"href":"https:\/\/anchorlas.se\/en\/wp-json\/wp\/v2\/pages"}],"about":[{"href":"https:\/\/anchorlas.se\/en\/wp-json\/wp\/v2\/types\/page"}],"author":[{"embeddable":true,"href":"https:\/\/anchorlas.se\/en\/wp-json\/wp\/v2\/users\/1"}],"replies":[{"embeddable":true,"href":"https:\/\/anchorlas.se\/en\/wp-json\/wp\/v2\/comments?post=6476"}],"version-history":[{"count":4,"href":"https:\/\/anchorlas.se\/en\/wp-json\/wp\/v2\/pages\/6476\/revisions"}],"predecessor-version":[{"id":6482,"href":"https:\/\/anchorlas.se\/en\/wp-json\/wp\/v2\/pages\/6476\/revisions\/6482"}],"wp:attachment":[{"href":"https:\/\/anchorlas.se\/en\/wp-json\/wp\/v2\/media?parent=6476"}],"curies":[{"name":"wp","href":"https:\/\/api.w.org\/{rel}","templated":true}]}}