{"id":2447,"date":"2021-04-15T09:13:38","date_gmt":"2021-04-15T07:13:38","guid":{"rendered":"https:\/\/anchorlas.se\/?page_id=2447"},"modified":"2021-05-16T19:35:00","modified_gmt":"2021-05-16T17:35:00","slug":"klassificeringsguide","status":"publish","type":"page","link":"https:\/\/anchorlas.se\/en\/klassificeringsguide\/","title":{"rendered":"Grade guide"},"content":{"rendered":"<div data-elementor-type=\"wp-page\" data-elementor-id=\"2447\" class=\"elementor elementor-2447\" data-elementor-post-type=\"page\">\n\t\t\t\t\t\t<section data-dce-background-color=\"#FFFFFF\" data-dce-background-overlay-color=\"#000000\" data-dce-background-image-url=\"https:\/\/anchorlas.se\/app\/uploads\/2021\/04\/DSC00957-2.jpg\" class=\"elementor-section elementor-top-section elementor-element elementor-element-5e14c61 elementor-section-height-min-height elementor-reverse-mobile elementor-section-items-bottom elementor-section-boxed elementor-section-height-default\" data-id=\"5e14c61\" data-element_type=\"section\" data-e-type=\"section\" data-settings=\"{&quot;background_background&quot;:&quot;classic&quot;}\">\n\t\t\t\t\t\t\t<div class=\"elementor-background-overlay\"><\/div>\n\t\t\t\t\t\t\t<div class=\"elementor-container elementor-column-gap-default\">\n\t\t\t\t\t<div class=\"elementor-column elementor-col-50 elementor-top-column elementor-element elementor-element-412e9a6\" data-id=\"412e9a6\" data-element_type=\"column\" data-e-type=\"column\">\n\t\t\t<div class=\"elementor-widget-wrap elementor-element-populated\">\n\t\t\t\t\t\t<div class=\"elementor-element elementor-element-b3991d5 elementor-widget elementor-widget-heading\" data-id=\"b3991d5\" data-element_type=\"widget\" data-e-type=\"widget\" data-widget_type=\"heading.default\">\n\t\t\t\t<div class=\"elementor-widget-container\">\n\t\t\t\t\t<h1 class=\"elementor-heading-title elementor-size-default\">Grade guide<\/h1>\t\t\t\t<\/div>\n\t\t\t\t<\/div>\n\t\t\t\t\t<\/div>\n\t\t<\/div>\n\t\t\t\t<div class=\"elementor-column elementor-col-50 elementor-top-column elementor-element elementor-element-24338b9\" data-id=\"24338b9\" data-element_type=\"column\" data-e-type=\"column\" data-settings=\"{&quot;background_background&quot;:&quot;classic&quot;}\">\n\t\t\t<div class=\"elementor-widget-wrap\">\n\t\t\t\t\t\t\t<\/div>\n\t\t<\/div>\n\t\t\t\t\t<\/div>\n\t\t<\/section>\n\t\t\t\t<section class=\"elementor-section elementor-top-section elementor-element elementor-element-f9d9a81 elementor-section-boxed elementor-section-height-default elementor-section-height-default\" data-id=\"f9d9a81\" data-element_type=\"section\" data-e-type=\"section\" data-settings=\"{&quot;background_background&quot;:&quot;classic&quot;}\">\n\t\t\t\t\t\t<div class=\"elementor-container elementor-column-gap-default\">\n\t\t\t\t\t<div class=\"elementor-column elementor-col-50 elementor-top-column elementor-element elementor-element-82fba35\" data-id=\"82fba35\" data-element_type=\"column\" data-e-type=\"column\">\n\t\t\t<div class=\"elementor-widget-wrap elementor-element-populated\">\n\t\t\t\t\t\t<div class=\"elementor-element elementor-element-054daf7 elementor-widget elementor-widget-heading\" data-id=\"054daf7\" data-element_type=\"widget\" data-e-type=\"widget\" data-widget_type=\"heading.default\">\n\t\t\t\t<div class=\"elementor-widget-container\">\n\t\t\t\t\t<h3 class=\"elementor-heading-title elementor-size-default\">Certified padlocks<\/h3>\t\t\t\t<\/div>\n\t\t\t\t<\/div>\n\t\t\t\t<div class=\"elementor-element elementor-element-2737034 elementor-widget elementor-widget-price-list\" data-id=\"2737034\" data-element_type=\"widget\" data-e-type=\"widget\" data-widget_type=\"price-list.default\">\n\t\t\t\t<div class=\"elementor-widget-container\">\n\t\t\t\t\t\n\t\t<ul class=\"elementor-price-list\">\n\n\t\t\t\t\t\t\t\t\t<li class=\"elementor-price-list-item\">\t\t\t\t\n\t\t\t\t<div class=\"elementor-price-list-text\">\n\t\t\t\t\t\t\t\t\t<div class=\"elementor-price-list-header\">\n\t\t\t\t\t\t\t\t\t\t\t<span class=\"elementor-price-list-title\">\n\t\t\t\t\t\t\tClass 1 \/ CEN Grade 2\t\t\t\t\t\t<\/span>\n\t\t\t\t\t\t\t\t\t\t\t\t\t\t\t\t\t\t\t\t\t<\/div>\n\t\t\t\t\t\t\t\t\t\t\t\t\t\t\t<p class=\"elementor-price-list-description\">\n\t\t\t\t\t\t\tFor locking of toolboxes, meter cabinets, safety switches, gym, school and wardrobes.\t\t\t\t\t\t<\/p>\n\t\t\t\t\t\t\t\t<\/div>\n\t\t\t\t<\/li>\t\t\t\t\t\t\t\t\t\t\t\t<li class=\"elementor-price-list-item\">\t\t\t\t\n\t\t\t\t<div class=\"elementor-price-list-text\">\n\t\t\t\t\t\t\t\t\t<div class=\"elementor-price-list-header\">\n\t\t\t\t\t\t\t\t\t\t\t<span class=\"elementor-price-list-title\">\n\t\t\t\t\t\t\tClass 2 \/ CEN Grade 3\t\t\t\t\t\t<\/span>\n\t\t\t\t\t\t\t\t\t\t\t\t\t\t\t\t\t\t\t\t\t<\/div>\n\t\t\t\t\t\t\t\t\t\t\t\t\t\t\t<p class=\"elementor-price-list-description translation-block\">For locking, for example, basements, attics, window grilles and bicycles.\nSuitable for boats <u> under <\/u> 200 kg.<\/p>\n\t\t\t\t\t\t\t\t<\/div>\n\t\t\t\t<\/li>\t\t\t\t\t\t\t\t\t\t\t\t<li class=\"elementor-price-list-item\">\t\t\t\t\n\t\t\t\t<div class=\"elementor-price-list-text\">\n\t\t\t\t\t\t\t\t\t<div class=\"elementor-price-list-header\">\n\t\t\t\t\t\t\t\t\t\t\t<span class=\"elementor-price-list-title\">\n\t\t\t\t\t\t\tClass 3 \/ CEN Grade 4\t\t\t\t\t\t<\/span>\n\t\t\t\t\t\t\t\t\t\t\t\t\t\t\t\t\t\t\t\t\t<\/div>\n\t\t\t\t\t\t\t\t\t\t\t\t\t\t\t<p class=\"elementor-price-list-description translation-block\">For locking motorcycles, mopeds, roadblocks and <u> internal <\/u> locking of industrial doors, blinds and roller grilles.\nSuitable for boats <u> over <\/u> 200 kg.<\/p>\n\t\t\t\t\t\t\t\t<\/div>\n\t\t\t\t<\/li>\t\t\t\t\t\t\t\t\t\t\t\t<li class=\"elementor-price-list-item\">\t\t\t\t\n\t\t\t\t<div class=\"elementor-price-list-text\">\n\t\t\t\t\t\t\t\t\t<div class=\"elementor-price-list-header\">\n\t\t\t\t\t\t\t\t\t\t\t<span class=\"elementor-price-list-title\">\n\t\t\t\t\t\t\tClass 4 \/ CEN Grade 5\t\t\t\t\t\t<\/span>\n\t\t\t\t\t\t\t\t\t\t\t\t\t\t\t\t\t\t\t\t\t<\/div>\n\t\t\t\t\t\t\t\t\t\t\t\t\t\t\t<p class=\"elementor-price-list-description translation-block\">For locking containers, warehouses and <u> external <\/u> locking of industrial doors, gates, shutters and roller grilles.<\/p>\n\t\t\t\t\t\t\t\t<\/div>\n\t\t\t\t<\/li>\t\t\t\t\t\t\t\t\t\t\t\t<li class=\"elementor-price-list-item\">\t\t\t\t\n\t\t\t\t<div class=\"elementor-price-list-text\">\n\t\t\t\t\t\t\t\t\t<div class=\"elementor-price-list-header\">\n\t\t\t\t\t\t\t\t\t\t\t<span class=\"elementor-price-list-title\">\n\t\t\t\t\t\t\tClass 5 \/ CEN Grade 6\t\t\t\t\t\t<\/span>\n\t\t\t\t\t\t\t\t\t\t\t\t\t\t\t\t\t\t\t\t\t<\/div>\n\t\t\t\t\t\t\t\t\t\t\t\t\t\t\t<p class=\"elementor-price-list-description\">\n\t\t\t\t\t\t\tHighest safety class! For locking construction machinery, units, containers, blasting chests, military installations and more\ncritical infrastructure where maximum security is required.\t\t\t\t\t\t<\/p>\n\t\t\t\t\t\t\t\t<\/div>\n\t\t\t\t<\/li>\t\t\t\t\t\n\t\t<\/ul>\n\n\t\t\t\t\t\t<\/div>\n\t\t\t\t<\/div>\n\t\t\t\t<div class=\"elementor-element elementor-element-0f22633 elementor-widget elementor-widget-text-editor\" data-id=\"0f22633\" data-element_type=\"widget\" data-e-type=\"widget\" data-widget_type=\"text-editor.default\">\n\t\t\t\t<div class=\"elementor-widget-container\">\n\t\t\t\t\t\t\t\t\t<p>A padlock certified in a higher class always meets requirements in a lower class.<\/p>\t\t\t\t\t\t\t\t<\/div>\n\t\t\t\t<\/div>\n\t\t\t\t\t<\/div>\n\t\t<\/div>\n\t\t\t\t<div class=\"elementor-column elementor-col-50 elementor-top-column elementor-element elementor-element-d5f3381\" data-id=\"d5f3381\" data-element_type=\"column\" data-e-type=\"column\">\n\t\t\t<div class=\"elementor-widget-wrap elementor-element-populated\">\n\t\t\t\t\t\t<div class=\"elementor-element elementor-element-fb5eb7a dce_masking-none elementor-widget elementor-widget-image\" data-id=\"fb5eb7a\" data-element_type=\"widget\" data-e-type=\"widget\" data-widget_type=\"image.default\">\n\t\t\t\t<div class=\"elementor-widget-container\">\n\t\t\t\t\t\t\t\t\t\t\t\t\t\t\t<img fetchpriority=\"high\" decoding=\"async\" width=\"600\" height=\"775\" src=\"https:\/\/anchorlas.se\/app\/uploads\/2021\/04\/800-3-ba\u030at_liggande.jpg\" class=\"attachment-full size-full wp-image-2457\" alt=\"\" srcset=\"https:\/\/anchorlas.se\/app\/uploads\/2021\/04\/800-3-ba\u030at_liggande.jpg 600w, https:\/\/anchorlas.se\/app\/uploads\/2021\/04\/800-3-ba\u030at_liggande-232x300.jpg 232w, https:\/\/anchorlas.se\/app\/uploads\/2021\/04\/800-3-ba\u030at_liggande-9x12.jpg 9w\" sizes=\"(max-width: 600px) 100vw, 600px\" \/>\t\t\t\t\t\t\t\t\t\t\t\t\t\t\t<\/div>\n\t\t\t\t<\/div>\n\t\t\t\t\t<\/div>\n\t\t<\/div>\n\t\t\t\t\t<\/div>\n\t\t<\/section>\n\t\t\t\t<section class=\"elementor-section elementor-top-section elementor-element elementor-element-a5a11c9 elementor-reverse-mobile elementor-reverse-tablet elementor-section-boxed elementor-section-height-default elementor-section-height-default\" data-id=\"a5a11c9\" data-element_type=\"section\" data-e-type=\"section\" data-settings=\"{&quot;background_background&quot;:&quot;classic&quot;}\">\n\t\t\t\t\t\t<div class=\"elementor-container elementor-column-gap-default\">\n\t\t\t\t\t<div class=\"elementor-column elementor-col-50 elementor-top-column elementor-element elementor-element-79c95b3\" data-id=\"79c95b3\" data-element_type=\"column\" data-e-type=\"column\">\n\t\t\t<div class=\"elementor-widget-wrap elementor-element-populated\">\n\t\t\t\t\t\t<div class=\"elementor-element elementor-element-36dd2e8 dce_masking-none elementor-widget elementor-widget-image\" data-id=\"36dd2e8\" data-element_type=\"widget\" data-e-type=\"widget\" data-widget_type=\"image.default\">\n\t\t\t\t<div class=\"elementor-widget-container\">\n\t\t\t\t\t\t\t\t\t\t\t\t\t\t\t<img decoding=\"async\" width=\"600\" height=\"600\" src=\"https:\/\/anchorlas.se\/app\/uploads\/2021\/04\/Hasp-921-med-590-6.jpg\" class=\"attachment-large size-large wp-image-2456\" alt=\"\" srcset=\"https:\/\/anchorlas.se\/app\/uploads\/2021\/04\/Hasp-921-med-590-6.jpg 600w, https:\/\/anchorlas.se\/app\/uploads\/2021\/04\/Hasp-921-med-590-6-300x300.jpg 300w, https:\/\/anchorlas.se\/app\/uploads\/2021\/04\/Hasp-921-med-590-6-150x150.jpg 150w, https:\/\/anchorlas.se\/app\/uploads\/2021\/04\/Hasp-921-med-590-6-12x12.jpg 12w, https:\/\/anchorlas.se\/app\/uploads\/2021\/04\/Hasp-921-med-590-6-100x100.jpg 100w\" sizes=\"(max-width: 600px) 100vw, 600px\" \/>\t\t\t\t\t\t\t\t\t\t\t\t\t\t\t<\/div>\n\t\t\t\t<\/div>\n\t\t\t\t\t<\/div>\n\t\t<\/div>\n\t\t\t\t<div class=\"elementor-column elementor-col-50 elementor-top-column elementor-element elementor-element-d91c762\" data-id=\"d91c762\" data-element_type=\"column\" data-e-type=\"column\">\n\t\t\t<div class=\"elementor-widget-wrap elementor-element-populated\">\n\t\t\t\t\t\t<div class=\"elementor-element elementor-element-3fead76 elementor-widget elementor-widget-heading\" data-id=\"3fead76\" data-element_type=\"widget\" data-e-type=\"widget\" data-widget_type=\"heading.default\">\n\t\t\t\t<div class=\"elementor-widget-container\">\n\t\t\t\t\t<h3 class=\"elementor-heading-title elementor-size-default\">Did you know...<\/h3>\t\t\t\t<\/div>\n\t\t\t\t<\/div>\n\t\t\t\t<div class=\"elementor-element elementor-element-11c47a0 elementor-widget elementor-widget-text-editor\" data-id=\"11c47a0\" data-element_type=\"widget\" data-e-type=\"widget\" data-widget_type=\"text-editor.default\">\n\t\t\t\t<div class=\"elementor-widget-container\">\n\t\t\t\t\t\t\t\t\t<p>A certified padlock also needs a certified hasp  to create an approved unit.<\/p><p>We have certified hasps in grade 4, 5 and 6.<\/p>\t\t\t\t\t\t\t\t<\/div>\n\t\t\t\t<\/div>\n\t\t\t\t\t<\/div>\n\t\t<\/div>\n\t\t\t\t\t<\/div>\n\t\t<\/section>\n\t\t\t\t<section class=\"elementor-section elementor-top-section elementor-element elementor-element-33a78d6 elementor-section-boxed elementor-section-height-default elementor-section-height-default\" data-id=\"33a78d6\" data-element_type=\"section\" data-e-type=\"section\">\n\t\t\t\t\t\t<div class=\"elementor-container elementor-column-gap-default\">\n\t\t\t\t\t<div class=\"elementor-column elementor-col-100 elementor-top-column elementor-element elementor-element-5c051e1\" data-id=\"5c051e1\" data-element_type=\"column\" data-e-type=\"column\">\n\t\t\t<div class=\"elementor-widget-wrap elementor-element-populated\">\n\t\t\t\t\t\t<div class=\"elementor-element elementor-element-76e3183 elementor-widget elementor-widget-heading\" data-id=\"76e3183\" data-element_type=\"widget\" data-e-type=\"widget\" data-widget_type=\"heading.default\">\n\t\t\t\t<div class=\"elementor-widget-container\">\n\t\t\t\t\t<h3 class=\"elementor-heading-title elementor-size-default\">Assemble an external cylinder into a certified padlock?<\/h3>\t\t\t\t<\/div>\n\t\t\t\t<\/div>\n\t\t\t\t<div class=\"elementor-element elementor-element-1258980 elementor-widget elementor-widget-text-editor\" data-id=\"1258980\" data-element_type=\"widget\" data-e-type=\"widget\" data-widget_type=\"text-editor.default\">\n\t\t\t\t<div class=\"elementor-widget-container\">\n\t\t\t\t\t\t\t\t\t<p>Our padlocks for Oval, European and Snowman cylinders are sold without a cylinder so that you can choose which cylinder you want to use in the padlock. You may already have a key to the front door and want to use the same key for the padlock on the shed as well? The locksmith can help you with that.<\/p><p><strong>How do I know which cylinder I can use?<\/strong><\/p><p>Grade 3, 4 &amp; 5 padlocks: The cylinder used in the lock should be certified according to SSF3522 or SSF1090 in at least class 3. Alternatively the cylinder should have at least the same securitygrade according to EN1303 as the padlock.\u00a0\u00a0<\/p><p>Grade 6 padlocks: The cylinder used in the lock should be certified according to SSF3522 or SSF1090 in class 5. Alternatively the cylinder should have at least the same securitygrade according to EN1303 as the padlock.\u00a0<\/p><p>The locksmith can help you with which class the cylinder meets. Information about classified cylinders can also be found on the certification companies' website, e.g. <a href=\"https:\/\/www.sbsc.se\/hitta-certifikat\/#\/produkter\/kategori\/mekanisk-cylinder\/1\/\" target=\"_blank\" rel=\"noopener\">SBSC<\/a>.<\/p>\t\t\t\t\t\t\t\t<\/div>\n\t\t\t\t<\/div>\n\t\t\t\t<div class=\"elementor-element elementor-element-94d2ffe elementor-widget elementor-widget-spacer\" data-id=\"94d2ffe\" data-element_type=\"widget\" data-e-type=\"widget\" data-widget_type=\"spacer.default\">\n\t\t\t\t<div class=\"elementor-widget-container\">\n\t\t\t\t\t\t\t<div class=\"elementor-spacer\">\n\t\t\t<div class=\"elementor-spacer-inner\"><\/div>\n\t\t<\/div>\n\t\t\t\t\t\t<\/div>\n\t\t\t\t<\/div>\n\t\t\t\t\t<\/div>\n\t\t<\/div>\n\t\t\t\t\t<\/div>\n\t\t<\/section>\n\t\t\t\t<\/div>","protected":false},"excerpt":{"rendered":"<p>Klassificeringsguide Certifierade h\u00e4ngl\u00e5s Klass 1 \/ CEN Grade 2F\u00f6r l\u00e5sning av verktygsl\u00e5dor, m\u00e4tarsk\u00e5p, s\u00e4kerhetsbrytare, gym, skol och kl\u00e4dsk\u00e5p. Klass 2 \/ CEN Grade 3F\u00f6r l\u00e5sning av exempelvis k\u00e4llare, vindskontor, f\u00f6nstergaller och cykel. L\u00e4mplig f\u00f6r b\u00e5tar under 200 kg. Klass 3 \/ CEN Grade 4F\u00f6r l\u00e5sning av mc, moped, v\u00e4gbommar samt inv\u00e4ndig l\u00e5sning av industriportar, jalusi [&hellip;]<\/p>\n","protected":false},"author":1,"featured_media":0,"parent":0,"menu_order":0,"comment_status":"closed","ping_status":"closed","template":"","meta":{"_acf_changed":false,"footnotes":""},"class_list":["post-2447","page","type-page","status-publish","hentry"],"acf":[],"_links":{"self":[{"href":"https:\/\/anchorlas.se\/en\/wp-json\/wp\/v2\/pages\/2447","targetHints":{"allow":["GET"]}}],"collection":[{"href":"https:\/\/anchorlas.se\/en\/wp-json\/wp\/v2\/pages"}],"about":[{"href":"https:\/\/anchorlas.se\/en\/wp-json\/wp\/v2\/types\/page"}],"author":[{"embeddable":true,"href":"https:\/\/anchorlas.se\/en\/wp-json\/wp\/v2\/users\/1"}],"replies":[{"embeddable":true,"href":"https:\/\/anchorlas.se\/en\/wp-json\/wp\/v2\/comments?post=2447"}],"version-history":[{"count":21,"href":"https:\/\/anchorlas.se\/en\/wp-json\/wp\/v2\/pages\/2447\/revisions"}],"predecessor-version":[{"id":2833,"href":"https:\/\/anchorlas.se\/en\/wp-json\/wp\/v2\/pages\/2447\/revisions\/2833"}],"wp:attachment":[{"href":"https:\/\/anchorlas.se\/en\/wp-json\/wp\/v2\/media?parent=2447"}],"curies":[{"name":"wp","href":"https:\/\/api.w.org\/{rel}","templated":true}]}}