{"id":2075,"date":"2021-04-09T15:22:44","date_gmt":"2021-04-09T13:22:44","guid":{"rendered":"https:\/\/anchorlas.se\/?page_id=2075"},"modified":"2021-04-23T09:11:52","modified_gmt":"2021-04-23T07:11:52","slug":"produktegenskaper","status":"publish","type":"page","link":"https:\/\/anchorlas.se\/en\/produktegenskaper\/","title":{"rendered":"Product properties"},"content":{"rendered":"<div data-elementor-type=\"wp-page\" data-elementor-id=\"2075\" class=\"elementor elementor-2075\" data-elementor-post-type=\"page\">\n\t\t\t\t\t\t<section data-dce-background-color=\"#FFFFFF\" data-dce-background-overlay-color=\"#000000\" data-dce-background-image-url=\"https:\/\/anchorlas.se\/app\/uploads\/2021\/04\/DSC00957-2.jpg\" class=\"elementor-section elementor-top-section elementor-element elementor-element-5e14c61 elementor-section-height-min-height elementor-reverse-mobile elementor-section-items-bottom elementor-section-boxed elementor-section-height-default\" data-id=\"5e14c61\" data-element_type=\"section\" data-e-type=\"section\" data-settings=\"{&quot;background_background&quot;:&quot;classic&quot;}\">\n\t\t\t\t\t\t\t<div class=\"elementor-background-overlay\"><\/div>\n\t\t\t\t\t\t\t<div class=\"elementor-container elementor-column-gap-default\">\n\t\t\t\t\t<div class=\"elementor-column elementor-col-50 elementor-top-column elementor-element elementor-element-412e9a6\" data-id=\"412e9a6\" data-element_type=\"column\" data-e-type=\"column\">\n\t\t\t<div class=\"elementor-widget-wrap elementor-element-populated\">\n\t\t\t\t\t\t<div class=\"elementor-element elementor-element-b3991d5 elementor-widget elementor-widget-heading\" data-id=\"b3991d5\" data-element_type=\"widget\" data-e-type=\"widget\" data-widget_type=\"heading.default\">\n\t\t\t\t<div class=\"elementor-widget-container\">\n\t\t\t\t\t<h1 class=\"elementor-heading-title elementor-size-default\">Product properties<\/h1>\t\t\t\t<\/div>\n\t\t\t\t<\/div>\n\t\t\t\t\t<\/div>\n\t\t<\/div>\n\t\t\t\t<div class=\"elementor-column elementor-col-50 elementor-top-column elementor-element elementor-element-24338b9\" data-id=\"24338b9\" data-element_type=\"column\" data-e-type=\"column\" data-settings=\"{&quot;background_background&quot;:&quot;classic&quot;}\">\n\t\t\t<div class=\"elementor-widget-wrap\">\n\t\t\t\t\t\t\t<\/div>\n\t\t<\/div>\n\t\t\t\t\t<\/div>\n\t\t<\/section>\n\t\t\t\t<section class=\"elementor-section elementor-top-section elementor-element elementor-element-679efd9 elementor-section-boxed elementor-section-height-default elementor-section-height-default\" data-id=\"679efd9\" data-element_type=\"section\" data-e-type=\"section\">\n\t\t\t\t\t\t<div class=\"elementor-container elementor-column-gap-default\">\n\t\t\t\t\t<div class=\"elementor-column elementor-col-100 elementor-top-column elementor-element elementor-element-e7f714b\" data-id=\"e7f714b\" data-element_type=\"column\" data-e-type=\"column\">\n\t\t\t<div class=\"elementor-widget-wrap elementor-element-populated\">\n\t\t\t\t\t\t<div class=\"elementor-element elementor-element-06fe000 elementor-widget elementor-widget-heading\" data-id=\"06fe000\" data-element_type=\"widget\" data-e-type=\"widget\" data-widget_type=\"heading.default\">\n\t\t\t\t<div class=\"elementor-widget-container\">\n\t\t\t\t\t<h2 class=\"elementor-heading-title elementor-size-default\">What characterizes ANCHOR L\u00c5S products?<\/h2>\t\t\t\t<\/div>\n\t\t\t\t<\/div>\n\t\t\t\t\t<\/div>\n\t\t<\/div>\n\t\t\t\t\t<\/div>\n\t\t<\/section>\n\t\t\t\t<section class=\"elementor-section elementor-top-section elementor-element elementor-element-f9d9a81 elementor-reverse-mobile elementor-section-boxed elementor-section-height-default elementor-section-height-default\" data-id=\"f9d9a81\" data-element_type=\"section\" data-e-type=\"section\" data-settings=\"{&quot;background_background&quot;:&quot;classic&quot;}\">\n\t\t\t\t\t\t<div class=\"elementor-container elementor-column-gap-default\">\n\t\t\t\t\t<div class=\"elementor-column elementor-col-50 elementor-top-column elementor-element elementor-element-82fba35\" data-id=\"82fba35\" data-element_type=\"column\" data-e-type=\"column\">\n\t\t\t<div class=\"elementor-widget-wrap elementor-element-populated\">\n\t\t\t\t\t\t<div class=\"elementor-element elementor-element-054daf7 elementor-widget elementor-widget-heading\" data-id=\"054daf7\" data-element_type=\"widget\" data-e-type=\"widget\" data-widget_type=\"heading.default\">\n\t\t\t\t<div class=\"elementor-widget-container\">\n\t\t\t\t\t<h4 class=\"elementor-heading-title elementor-size-default\">Product development and production in Eskilstuna, Sweden<\/h4>\t\t\t\t<\/div>\n\t\t\t\t<\/div>\n\t\t\t\t<div class=\"elementor-element elementor-element-f97a71e elementor-widget elementor-widget-text-editor\" data-id=\"f97a71e\" data-element_type=\"widget\" data-e-type=\"widget\" data-widget_type=\"text-editor.default\">\n\t\t\t\t<div class=\"elementor-widget-container\">\n\t\t\t\t\t\t\t\t\t<ul><li class=\"Default\">All our classified locks are tested at RISE, previously Sveriges Provningsanstalt (SP), and certified by the Swedish Fire and Safety Certification (SBSC) to meet the highest possible requirements.<\/li><li class=\"Default\">The locks are reliable and developed to work worry-free both summer and winter.<\/li><li class=\"Default\">Made of Swedish steel &amp; Swedish brass.<\/li><li class=\"Default\">Reduced climate impact through own production.<\/li><\/ul>\t\t\t\t\t\t\t\t<\/div>\n\t\t\t\t<\/div>\n\t\t\t\t\t<\/div>\n\t\t<\/div>\n\t\t\t\t<div class=\"elementor-column elementor-col-50 elementor-top-column elementor-element elementor-element-d5f3381\" data-id=\"d5f3381\" data-element_type=\"column\" data-e-type=\"column\">\n\t\t\t<div class=\"elementor-widget-wrap elementor-element-populated\">\n\t\t\t\t\t\t<div class=\"elementor-element elementor-element-fb5eb7a dce_masking-none elementor-widget elementor-widget-image\" data-id=\"fb5eb7a\" data-element_type=\"widget\" data-e-type=\"widget\" data-widget_type=\"image.default\">\n\t\t\t\t<div class=\"elementor-widget-container\">\n\t\t\t\t\t\t\t\t\t\t\t\t\t\t\t<img fetchpriority=\"high\" decoding=\"async\" width=\"756\" height=\"520\" src=\"https:\/\/anchorlas.se\/app\/uploads\/2021\/04\/Certified_product_S.jpg\" class=\"attachment-large size-large wp-image-2348\" alt=\"\" srcset=\"https:\/\/anchorlas.se\/app\/uploads\/2021\/04\/Certified_product_S.jpg 756w, https:\/\/anchorlas.se\/app\/uploads\/2021\/04\/Certified_product_S-300x206.jpg 300w, https:\/\/anchorlas.se\/app\/uploads\/2021\/04\/Certified_product_S-16x12.jpg 16w, https:\/\/anchorlas.se\/app\/uploads\/2021\/04\/Certified_product_S-600x413.jpg 600w\" sizes=\"(max-width: 756px) 100vw, 756px\" \/>\t\t\t\t\t\t\t\t\t\t\t\t\t\t\t<\/div>\n\t\t\t\t<\/div>\n\t\t\t\t\t<\/div>\n\t\t<\/div>\n\t\t\t\t\t<\/div>\n\t\t<\/section>\n\t\t\t\t<section class=\"elementor-section elementor-top-section elementor-element elementor-element-a5a11c9 elementor-section-boxed elementor-section-height-default elementor-section-height-default\" data-id=\"a5a11c9\" data-element_type=\"section\" data-e-type=\"section\" data-settings=\"{&quot;background_background&quot;:&quot;classic&quot;}\">\n\t\t\t\t\t\t<div class=\"elementor-container elementor-column-gap-default\">\n\t\t\t\t\t<div class=\"elementor-column elementor-col-50 elementor-top-column elementor-element elementor-element-79c95b3\" data-id=\"79c95b3\" data-element_type=\"column\" data-e-type=\"column\">\n\t\t\t<div class=\"elementor-widget-wrap elementor-element-populated\">\n\t\t\t\t\t\t<div class=\"elementor-element elementor-element-36dd2e8 dce_masking-none elementor-widget elementor-widget-image\" data-id=\"36dd2e8\" data-element_type=\"widget\" data-e-type=\"widget\" data-widget_type=\"image.default\">\n\t\t\t\t<div class=\"elementor-widget-container\">\n\t\t\t\t\t\t\t\t\t\t\t\t\t\t\t<img decoding=\"async\" width=\"800\" height=\"533\" src=\"https:\/\/anchorlas.se\/app\/uploads\/2021\/04\/810-1_2_tra\u0308ska\u030ap.jpg\" class=\"attachment-large size-large wp-image-2360\" alt=\"\" srcset=\"https:\/\/anchorlas.se\/app\/uploads\/2021\/04\/810-1_2_tra\u0308ska\u030ap.jpg 800w, https:\/\/anchorlas.se\/app\/uploads\/2021\/04\/810-1_2_tra\u0308ska\u030ap-300x200.jpg 300w, https:\/\/anchorlas.se\/app\/uploads\/2021\/04\/810-1_2_tra\u0308ska\u030ap-768x512.jpg 768w, https:\/\/anchorlas.se\/app\/uploads\/2021\/04\/810-1_2_tra\u0308ska\u030ap-16x12.jpg 16w, https:\/\/anchorlas.se\/app\/uploads\/2021\/04\/810-1_2_tra\u0308ska\u030ap-600x400.jpg 600w\" sizes=\"(max-width: 800px) 100vw, 800px\" \/>\t\t\t\t\t\t\t\t\t\t\t\t\t\t\t<\/div>\n\t\t\t\t<\/div>\n\t\t\t\t\t<\/div>\n\t\t<\/div>\n\t\t\t\t<div class=\"elementor-column elementor-col-50 elementor-top-column elementor-element elementor-element-d91c762\" data-id=\"d91c762\" data-element_type=\"column\" data-e-type=\"column\">\n\t\t\t<div class=\"elementor-widget-wrap elementor-element-populated\">\n\t\t\t\t\t\t<div class=\"elementor-element elementor-element-784e7c0 elementor-widget elementor-widget-text-editor\" data-id=\"784e7c0\" data-element_type=\"widget\" data-e-type=\"widget\" data-widget_type=\"text-editor.default\">\n\t\t\t\t<div class=\"elementor-widget-container\">\n\t\t\t\t\t\t\t\t\t<h5 class=\"elementor-heading-title elementor-size-default elementor-inline-editing pen\" contenteditable=\"true\" data-elementor-setting-key=\"title\" data-pen-placeholder=\"Type Here...\">Grade 2 &amp; 3 padlocks consist entirely of components in stainless &amp; brass<\/h5><p>Top corrosion resistance<\/p>\t\t\t\t\t\t\t\t<\/div>\n\t\t\t\t<\/div>\n\t\t\t\t<div class=\"elementor-element elementor-element-eddbfe9 elementor-widget elementor-widget-text-editor\" data-id=\"eddbfe9\" data-element_type=\"widget\" data-e-type=\"widget\" data-widget_type=\"text-editor.default\">\n\t\t\t\t<div class=\"elementor-widget-container\">\n\t\t\t\t\t\t\t\t\t<h5 class=\"elementor-heading-title elementor-size-default elementor-inline-editing pen\" contenteditable=\"true\" data-elementor-setting-key=\"title\" data-pen-placeholder=\"Type Here...\">Unique construction of shackles in grade 4, 5 &amp; 6<\/h5><p>Requires cutting of both shackles during burglary, which both complicates and prolongs the burglary time.<\/p>\t\t\t\t\t\t\t\t<\/div>\n\t\t\t\t<\/div>\n\t\t\t\t<div class=\"elementor-element elementor-element-0f22633 elementor-widget elementor-widget-text-editor\" data-id=\"0f22633\" data-element_type=\"widget\" data-e-type=\"widget\" data-widget_type=\"text-editor.default\">\n\t\t\t\t<div class=\"elementor-widget-container\">\n\t\t\t\t\t\t\t\t\t<h5 class=\"elementor-heading-title elementor-size-default elementor-inline-editing pen\" contenteditable=\"true\" data-elementor-setting-key=\"title\" data-pen-placeholder=\"Type Here...\">Unique construction of padlocks in grade 5 &amp; 6<\/h5><p class=\"Default\">The only grade 5 padlock for oval cylinders without the need for a cover plate. The only locks on the market in the highest padlock grade, grade 6, for oval cylinders and European cylinders.<\/p>\t\t\t\t\t\t\t\t<\/div>\n\t\t\t\t<\/div>\n\t\t\t\t\t<\/div>\n\t\t<\/div>\n\t\t\t\t\t<\/div>\n\t\t<\/section>\n\t\t\t\t<section class=\"elementor-section elementor-top-section elementor-element elementor-element-ccc14dc elementor-reverse-mobile elementor-section-boxed elementor-section-height-default elementor-section-height-default\" data-id=\"ccc14dc\" data-element_type=\"section\" data-e-type=\"section\" data-settings=\"{&quot;background_background&quot;:&quot;classic&quot;}\">\n\t\t\t\t\t\t<div class=\"elementor-container elementor-column-gap-default\">\n\t\t\t\t\t<div class=\"elementor-column elementor-col-50 elementor-top-column elementor-element elementor-element-dcdaf3a\" data-id=\"dcdaf3a\" data-element_type=\"column\" data-e-type=\"column\">\n\t\t\t<div class=\"elementor-widget-wrap elementor-element-populated\">\n\t\t\t\t\t\t<div class=\"elementor-element elementor-element-44d52c3 elementor-widget elementor-widget-heading\" data-id=\"44d52c3\" data-element_type=\"widget\" data-e-type=\"widget\" data-widget_type=\"heading.default\">\n\t\t\t\t<div class=\"elementor-widget-container\">\n\t\t\t\t\t<h4 class=\"elementor-heading-title elementor-size-default\">Large variety of padlock models and functions<\/h4>\t\t\t\t<\/div>\n\t\t\t\t<\/div>\n\t\t\t\t<div class=\"elementor-element elementor-element-7bec846 elementor-widget elementor-widget-text-editor\" data-id=\"7bec846\" data-element_type=\"widget\" data-e-type=\"widget\" data-widget_type=\"text-editor.default\">\n\t\t\t\t<div class=\"elementor-widget-container\">\n\t\t\t\t\t\t\t\t\t<ul><li>Removable shackles on several models.<\/li><li>Weather protected locks in grade 3, 4, 5 &amp; 6.<\/li><li>Protected shackle in grade 4, 5 &amp; 6.\u00a0<\/li><li>Possibility of self-locking function \/ pop up function in grade 3.<\/li><li>Several different shackle heights (in which all are graded).<\/li><li>Product-specific surface treatments.<\/li><\/ul>\t\t\t\t\t\t\t\t<\/div>\n\t\t\t\t<\/div>\n\t\t\t\t\t<\/div>\n\t\t<\/div>\n\t\t\t\t<div class=\"elementor-column elementor-col-50 elementor-top-column elementor-element elementor-element-785ccab\" data-id=\"785ccab\" data-element_type=\"column\" data-e-type=\"column\">\n\t\t\t<div class=\"elementor-widget-wrap elementor-element-populated\">\n\t\t\t\t\t\t<div class=\"elementor-element elementor-element-6bd9dbc dce_masking-none elementor-widget elementor-widget-image\" data-id=\"6bd9dbc\" data-element_type=\"widget\" data-e-type=\"widget\" data-widget_type=\"image.default\">\n\t\t\t\t<div class=\"elementor-widget-container\">\n\t\t\t\t\t\t\t\t\t\t\t\t\t\t\t<img decoding=\"async\" width=\"800\" height=\"445\" src=\"https:\/\/anchorlas.se\/app\/uploads\/2021\/04\/IMG_4245-1024x569.jpg\" class=\"attachment-large size-large wp-image-1906\" alt=\"\" srcset=\"https:\/\/anchorlas.se\/app\/uploads\/2021\/04\/IMG_4245-1024x569.jpg 1024w, https:\/\/anchorlas.se\/app\/uploads\/2021\/04\/IMG_4245-600x333.jpg 600w, https:\/\/anchorlas.se\/app\/uploads\/2021\/04\/IMG_4245-300x167.jpg 300w, https:\/\/anchorlas.se\/app\/uploads\/2021\/04\/IMG_4245-768x427.jpg 768w, https:\/\/anchorlas.se\/app\/uploads\/2021\/04\/IMG_4245.jpg 1440w\" sizes=\"(max-width: 800px) 100vw, 800px\" \/>\t\t\t\t\t\t\t\t\t\t\t\t\t\t\t<\/div>\n\t\t\t\t<\/div>\n\t\t\t\t\t<\/div>\n\t\t<\/div>\n\t\t\t\t\t<\/div>\n\t\t<\/section>\n\t\t\t\t<\/div>","protected":false},"excerpt":{"rendered":"<p>Produktegenskaper Vad k\u00e4nnetecknar ANCHOR L\u00c5S produkter? Produktutveckling och produktion i Eskilstuna, Sverige Alla v\u00e5ra klassade l\u00e5s \u00e4r testade p\u00e5 RISE, tidigare Sveriges Provningsanstalt (SP), och certifierade av Svensk Brand- och S\u00e4kerhetscertifiering (SBSC) f\u00f6r att m\u00f6ta h\u00f6gsta m\u00f6jliga krav. L\u00e5sen \u00e4r drifts\u00e4kra och utvecklade f\u00f6r att fungera bekymmersfritt s\u00e5v\u00e4l sommar som vinter. Tillverkat av svenskt st\u00e5l [&hellip;]<\/p>\n","protected":false},"author":1,"featured_media":0,"parent":0,"menu_order":0,"comment_status":"closed","ping_status":"closed","template":"","meta":{"_acf_changed":false,"footnotes":""},"class_list":["post-2075","page","type-page","status-publish","hentry"],"acf":[],"_links":{"self":[{"href":"https:\/\/anchorlas.se\/en\/wp-json\/wp\/v2\/pages\/2075","targetHints":{"allow":["GET"]}}],"collection":[{"href":"https:\/\/anchorlas.se\/en\/wp-json\/wp\/v2\/pages"}],"about":[{"href":"https:\/\/anchorlas.se\/en\/wp-json\/wp\/v2\/types\/page"}],"author":[{"embeddable":true,"href":"https:\/\/anchorlas.se\/en\/wp-json\/wp\/v2\/users\/1"}],"replies":[{"embeddable":true,"href":"https:\/\/anchorlas.se\/en\/wp-json\/wp\/v2\/comments?post=2075"}],"version-history":[{"count":5,"href":"https:\/\/anchorlas.se\/en\/wp-json\/wp\/v2\/pages\/2075\/revisions"}],"predecessor-version":[{"id":2712,"href":"https:\/\/anchorlas.se\/en\/wp-json\/wp\/v2\/pages\/2075\/revisions\/2712"}],"wp:attachment":[{"href":"https:\/\/anchorlas.se\/en\/wp-json\/wp\/v2\/media?parent=2075"}],"curies":[{"name":"wp","href":"https:\/\/api.w.org\/{rel}","templated":true}]}}