{"id":1655,"date":"2021-04-08T10:22:13","date_gmt":"2021-04-08T08:22:13","guid":{"rendered":"https:\/\/anchorlas.se\/?page_id=1655"},"modified":"2021-04-21T17:52:28","modified_gmt":"2021-04-21T15:52:28","slug":"oem","status":"publish","type":"page","link":"https:\/\/anchorlas.se\/en\/oem\/","title":{"rendered":"OEM"},"content":{"rendered":"<div data-elementor-type=\"wp-page\" data-elementor-id=\"1655\" class=\"elementor elementor-1655\" data-elementor-post-type=\"page\">\n\t\t\t\t\t\t<section data-dce-background-color=\"#FFFFFF\" data-dce-background-overlay-color=\"#000000\" data-dce-background-image-url=\"https:\/\/anchorlas.se\/app\/uploads\/2021\/04\/IMG_3778.jpg\" class=\"elementor-section elementor-top-section elementor-element elementor-element-5e14c61 elementor-section-height-min-height elementor-reverse-mobile elementor-section-items-bottom elementor-section-boxed elementor-section-height-default\" data-id=\"5e14c61\" data-element_type=\"section\" data-e-type=\"section\" data-settings=\"{&quot;background_background&quot;:&quot;classic&quot;}\">\n\t\t\t\t\t\t\t<div class=\"elementor-background-overlay\"><\/div>\n\t\t\t\t\t\t\t<div class=\"elementor-container elementor-column-gap-default\">\n\t\t\t\t\t<div class=\"elementor-column elementor-col-50 elementor-top-column elementor-element elementor-element-412e9a6\" data-id=\"412e9a6\" data-element_type=\"column\" data-e-type=\"column\">\n\t\t\t<div class=\"elementor-widget-wrap elementor-element-populated\">\n\t\t\t\t\t\t<div class=\"elementor-element elementor-element-b3991d5 elementor-widget elementor-widget-heading\" data-id=\"b3991d5\" data-element_type=\"widget\" data-e-type=\"widget\" data-widget_type=\"heading.default\">\n\t\t\t\t<div class=\"elementor-widget-container\">\n\t\t\t\t\t<h1 class=\"elementor-heading-title elementor-size-default\">OEM<\/h1>\t\t\t\t<\/div>\n\t\t\t\t<\/div>\n\t\t\t\t\t<\/div>\n\t\t<\/div>\n\t\t\t\t<div class=\"elementor-column elementor-col-50 elementor-top-column elementor-element elementor-element-24338b9\" data-id=\"24338b9\" data-element_type=\"column\" data-e-type=\"column\" data-settings=\"{&quot;background_background&quot;:&quot;classic&quot;}\">\n\t\t\t<div class=\"elementor-widget-wrap\">\n\t\t\t\t\t\t\t<\/div>\n\t\t<\/div>\n\t\t\t\t\t<\/div>\n\t\t<\/section>\n\t\t\t\t<section data-dce-background-overlay-image-url=\"https:\/\/anchorlas.se\/app\/uploads\/2021\/04\/New-Project.jpg\" class=\"elementor-section elementor-top-section elementor-element elementor-element-d9b9355 elementor-section-boxed elementor-section-height-default elementor-section-height-default\" data-id=\"d9b9355\" data-element_type=\"section\" data-e-type=\"section\">\n\t\t\t\t\t\t\t<div class=\"elementor-background-overlay\"><\/div>\n\t\t\t\t\t\t\t<div class=\"elementor-container elementor-column-gap-default\">\n\t\t\t\t\t<div class=\"elementor-column elementor-col-50 elementor-top-column elementor-element elementor-element-544702d\" data-id=\"544702d\" data-element_type=\"column\" data-e-type=\"column\">\n\t\t\t<div class=\"elementor-widget-wrap elementor-element-populated\">\n\t\t\t\t\t\t<div class=\"elementor-element elementor-element-d25424b elementor-widget elementor-widget-text-editor\" data-id=\"d25424b\" data-element_type=\"widget\" data-e-type=\"widget\" data-widget_type=\"text-editor.default\">\n\t\t\t\t<div class=\"elementor-widget-container\">\n\t\t\t\t\t\t\t\t\t<p>As an OEM and subcontractor, ANCHOR LAS products are available almost worldwide.<\/p>\n<p>In large parts of Europe, but also as far away as the USA and South Africa, companies in the security industry use padlocks developed and produced by ANCHOR LAS. The padlocks are adapted to the customer's special needs and are usually marketed under the customer's own brand. As an OEM manufacturer with products of high Swedish quality, we reach a world market.<\/p>\n<p>Customers in different parts of the world have different requirements for, for example, performance and product design, something we have taken into account in our product development. It has given us a unique set of solutions and adaptations to our products that you as an OEM customer can take advantage of to create the perfect padlock for your own application.<\/p>\n<p>We are happy to make padlocks for your company as well!<\/p>\n<p>Contact our CEO Tomas Eriksson or CTO Robert Fredriksson for further discussion.<\/p>\t\t\t\t\t\t\t\t<\/div>\n\t\t\t\t<\/div>\n\t\t\t\t\t<\/div>\n\t\t<\/div>\n\t\t\t\t<div class=\"elementor-column elementor-col-50 elementor-top-column elementor-element elementor-element-8dd9761\" data-id=\"8dd9761\" data-element_type=\"column\" data-e-type=\"column\">\n\t\t\t<div class=\"elementor-widget-wrap elementor-element-populated\">\n\t\t\t\t\t\t<div class=\"elementor-element elementor-element-0946b39 elementor-hidden-desktop dce_masking-none elementor-widget elementor-widget-image\" data-id=\"0946b39\" data-element_type=\"widget\" data-e-type=\"widget\" data-widget_type=\"image.default\">\n\t\t\t\t<div class=\"elementor-widget-container\">\n\t\t\t\t\t\t\t\t\t\t\t\t\t\t\t<img fetchpriority=\"high\" decoding=\"async\" width=\"800\" height=\"782\" src=\"https:\/\/anchorlas.se\/app\/uploads\/2021\/04\/New-Project-1024x1001.jpg\" class=\"attachment-large size-large wp-image-2055\" alt=\"\" srcset=\"https:\/\/anchorlas.se\/app\/uploads\/2021\/04\/New-Project-1024x1001.jpg 1024w, https:\/\/anchorlas.se\/app\/uploads\/2021\/04\/New-Project-300x293.jpg 300w, https:\/\/anchorlas.se\/app\/uploads\/2021\/04\/New-Project-768x751.jpg 768w, https:\/\/anchorlas.se\/app\/uploads\/2021\/04\/New-Project-600x587.jpg 600w, https:\/\/anchorlas.se\/app\/uploads\/2021\/04\/New-Project.jpg 1356w\" sizes=\"(max-width: 800px) 100vw, 800px\" \/>\t\t\t\t\t\t\t\t\t\t\t\t\t\t\t<\/div>\n\t\t\t\t<\/div>\n\t\t\t\t\t<\/div>\n\t\t<\/div>\n\t\t\t\t\t<\/div>\n\t\t<\/section>\n\t\t\t\t<\/div>","protected":false},"excerpt":{"rendered":"<p>OEM Som OEM-tillverkare och underleverant\u00f6r finns ANCHOR L\u00c5S produkter i n\u00e4stan hela v\u00e4rlden. I stora delar av Europa, men \u00e4ven s\u00e5 l\u00e5ngt bort som i USA och Sydafrika anv\u00e4nder sig f\u00f6retag inom s\u00e4kerhetsbranschen av h\u00e4ngl\u00e5s utvecklade och producerade av ANCHOR L\u00c5S. H\u00e4ngl\u00e5sen anpassas efter kundens speciella behov och marknadsf\u00f6rs oftast under kundens eget varum\u00e4rke. Som [&hellip;]<\/p>\n","protected":false},"author":1,"featured_media":0,"parent":0,"menu_order":0,"comment_status":"closed","ping_status":"closed","template":"","meta":{"_acf_changed":false,"footnotes":""},"class_list":["post-1655","page","type-page","status-publish","hentry"],"acf":[],"_links":{"self":[{"href":"https:\/\/anchorlas.se\/en\/wp-json\/wp\/v2\/pages\/1655","targetHints":{"allow":["GET"]}}],"collection":[{"href":"https:\/\/anchorlas.se\/en\/wp-json\/wp\/v2\/pages"}],"about":[{"href":"https:\/\/anchorlas.se\/en\/wp-json\/wp\/v2\/types\/page"}],"author":[{"embeddable":true,"href":"https:\/\/anchorlas.se\/en\/wp-json\/wp\/v2\/users\/1"}],"replies":[{"embeddable":true,"href":"https:\/\/anchorlas.se\/en\/wp-json\/wp\/v2\/comments?post=1655"}],"version-history":[{"count":0,"href":"https:\/\/anchorlas.se\/en\/wp-json\/wp\/v2\/pages\/1655\/revisions"}],"wp:attachment":[{"href":"https:\/\/anchorlas.se\/en\/wp-json\/wp\/v2\/media?parent=1655"}],"curies":[{"name":"wp","href":"https:\/\/api.w.org\/{rel}","templated":true}]}}