{"id":1747,"date":"2021-04-20T11:05:30","date_gmt":"2021-04-20T09:05:30","guid":{"rendered":"https:\/\/anchorlas.se\/product\/anchor-vaderskydd-klass-2\/"},"modified":"2026-02-16T15:13:07","modified_gmt":"2026-02-16T14:13:07","slug":"anchor-vaderskydd-klass-2","status":"publish","type":"product","link":"http:\/\/anchorlas.se\/en\/produkter\/anchor-vaderskydd-klass-2\/","title":{"rendered":"ANCHOR Weather protection grade 3"},"content":{"rendered":"<p>The weather protection cap is made of a weather-resistant special plastic that closes tightly against the lock body. The tight fit makes it difficult for dust and water to penetrate via the cylinder side of the padlock.<\/p>\n<p>Fits: ANCHOR 802-2 Oval, KABA 9022, iLOQ grade 3 first generation and EVVA class 3. Please note: Not compatible with 802-2 Snowman<\/p>","protected":false},"excerpt":{"rendered":"<p>V\u00e4derskyddet \u00e4r tillverkat i en v\u00e4derbest\u00e4ndig specialplast som sluter t\u00e4tt mot l\u00e5shuskroppen. Den t\u00e4ta passformen f\u00f6rsv\u00e5rar f\u00f6r damm och vatten att tr\u00e4nga in i via h\u00e4ngl\u00e5sets cylindersida. Passar till Anchor 802-2 Oval, KABA 9022 och iLOQ grade 3, f\u00f6rsta generation. OBS! Ej till 802-2 Snowman!<\/p>","protected":false},"featured_media":1007,"template":"","meta":{"_acf_changed":false},"product_brand":[],"product_cat":[93,107],"product_tag":[],"class_list":{"0":"post-1747","1":"product","2":"type-product","3":"status-publish","4":"has-post-thumbnail","6":"product_cat-tillbehor","7":"product_cat-vaderskydd","9":"first","10":"instock","11":"purchasable","12":"product-type-variable"},"acf":[],"_links":{"self":[{"href":"http:\/\/anchorlas.se\/en\/wp-json\/wp\/v2\/product\/1747","targetHints":{"allow":["GET"]}}],"collection":[{"href":"http:\/\/anchorlas.se\/en\/wp-json\/wp\/v2\/product"}],"about":[{"href":"http:\/\/anchorlas.se\/en\/wp-json\/wp\/v2\/types\/product"}],"wp:featuredmedia":[{"embeddable":true,"href":"http:\/\/anchorlas.se\/en\/wp-json\/wp\/v2\/media\/1007"}],"wp:attachment":[{"href":"http:\/\/anchorlas.se\/en\/wp-json\/wp\/v2\/media?parent=1747"}],"wp:term":[{"taxonomy":"product_brand","embeddable":true,"href":"http:\/\/anchorlas.se\/en\/wp-json\/wp\/v2\/product_brand?post=1747"},{"taxonomy":"product_cat","embeddable":true,"href":"http:\/\/anchorlas.se\/en\/wp-json\/wp\/v2\/product_cat?post=1747"},{"taxonomy":"product_tag","embeddable":true,"href":"http:\/\/anchorlas.se\/en\/wp-json\/wp\/v2\/product_tag?post=1747"}],"curies":[{"name":"wp","href":"https:\/\/api.w.org\/{rel}","templated":true}]}}